{"id":935,"date":"2023-03-12T15:21:45","date_gmt":"2023-03-12T19:21:45","guid":{"rendered":"https:\/\/mayfairtavern.ca\/home\/"},"modified":"2025-08-01T10:23:56","modified_gmt":"2025-08-01T14:23:56","slug":"accueil","status":"publish","type":"page","link":"https:\/\/delibee.ca\/fr\/","title":{"rendered":"Accueil"},"content":{"rendered":"<div class=\"wpb-content-wrapper\">[vc_row][vc_column width=\u00a0\u00bb2\/3&Prime;][mk_fancy_title size=\u00a0\u00bb30&Prime; font_weight=\u00a0\u00bb600&Prime; margin_top=\u00a0\u00bb25&Prime; margin_bottom=\u00a0\u00bb\u00a0\u00bb font_family=\u00a0\u00bbnone\u00a0\u00bb]Bienvenue chez Delibee&rsquo;s[\/mk_fancy_title][vc_column_text css=\u00a0\u00bb.vc_custom_1714405822241{margin-bottom: 0px !important;}\u00a0\u00bb]<a href=\"https:\/\/delibee.ca\/fr\/menu\/\"><img loading=\"lazy\" decoding=\"async\" class=\"size-full wp-image-1545 alignleft\" src=\"https:\/\/delibee.ca\/wp-content\/uploads\/2024\/04\/new-latkes-pierogies-french-250x133-1.jpg\" alt=\"new-latkes-pierogies-french-250x133\" width=\"250\" height=\"133\" \/><\/a>Restaurant Delibee a une histoire riche en tradition de servir la viande fum\u00e9e c\u00e9l\u00e8bre de Montr\u00e9al. Le propri\u00e9taire, Philip Vavaro, a appris le m\u00e9tier de la viand\u00e9e fum\u00e9e de son p\u00e8re au c\u0153ur de Montr\u00e9al. \u00c0 partir de 14 ans, Phil a travaill\u00e9 comme un lave-vaisselle jusqu&rsquo;au propri\u00e9taire. La charcuterie familial a toujours insist\u00e9 sur les repas faits maison tels que latkas, les peirogies, soupes, et bien s\u00fbr, le c\u00e9l\u00e8bre viande fum\u00e9e de Montr\u00e9al. Restaurant Delibee est situ\u00e9 sur la baie de Valois \u00e0 Pointe-Claire.<\/p>\n<p>Nous desservons tout; du d\u00e9jeuner au souper. Nous avons \u00e9galement une menu pour emporter. De nos frites \u00e0 notre viande fum\u00e9e et salade de pommes de terre, tous les \u00e9l\u00e9ments de menu sont faits maison en utilisant nos recettes familiales secr\u00e8tes. Notre menu sera s\u00fbr de satisfaire m\u00eame les palais les plus exigeants. Des enfants aux adultes, il ya quelque chose que chaque membre de la famille appr\u00e9ciera. Qu&rsquo;il s&rsquo;agisse d&rsquo;une repas faites maison au restaurant, une rapide sandwich avec viande fum\u00e9e de Montr\u00e9al pour emporter, ou du service traiteur pour votre prochain \u00e9v\u00e9nement, le personnel de Delibee a h\u00e2te de vous servir.[\/vc_column_text][\/vc_column][vc_column width=\u00a0\u00bb1\/3&Prime;][vc_single_image image=\u00a0\u00bb1572&Prime; img_size=\u00a0\u00bbFull\u00a0\u00bb alignment=\u00a0\u00bbcenter\u00a0\u00bb onclick=\u00a0\u00bbcustom_link\u00a0\u00bb img_link_target=\u00a0\u00bb_blank\u00a0\u00bb link=\u00a0\u00bbhttps:\/\/www.timeout.com\/fr\/montreal\/restaurants\/meilleur-smoked-meat-delis-montreal\u00a0\u00bb css=\u00a0\u00bb.vc_custom_1717162781110{margin-top: 10px !important;}\u00a0\u00bb][vc_column_text css=\u00a0\u00bb.vc_custom_1717162793041{margin-top: -20px !important;margin-bottom: 0px !important;}\u00a0\u00bb]\n<p style=\"text-align: center;\">Cliquez sur le logo ci-dessus<br \/>\n<strong>#2 sur l&rsquo;\u00eele de MONTR\u00c9AL !<\/strong>[\/vc_column_text][mk_fancy_title size=\u00a0\u00bb20&Prime; font_weight=\u00a0\u00bbbold\u00a0\u00bb margin_top=\u00a0\u00bb10&Prime; margin_bottom=\u00a0\u00bb0&Prime; font_family=\u00a0\u00bbnone\u00a0\u00bb align=\u00a0\u00bbcenter\u00a0\u00bb]Heures d&rsquo;ouverture[\/mk_fancy_title][vc_column_text css=\u00a0\u00bb.vc_custom_1754058234580{margin-bottom: 0px !important;}\u00a0\u00bb]Delibees sera ferm\u00e9 du 23 ao\u00fbt au 1re septembre.<\/p>\n<table width=\"293\">\n<tbody>\n<tr>\n<td style=\"text-align: right;\" width=\"93\">Lundi<\/td>\n<td style=\"text-align: left;\" width=\"200\"><strong>11 heures \u00e0 21 heures<\/strong><\/td>\n<\/tr>\n<tr>\n<td style=\"text-align: right;\" width=\"93\">Mardi<\/td>\n<td style=\"text-align: left;\" width=\"200\"><strong>11 heures \u00e0 21 heures<\/strong><\/td>\n<\/tr>\n<tr>\n<td style=\"text-align: right;\" width=\"93\">Mercredi<\/td>\n<td style=\"text-align: left;\" width=\"200\"><strong>11 heures \u00e0 21 heures<\/strong><\/td>\n<\/tr>\n<tr>\n<td style=\"text-align: right;\" width=\"93\">Jeudi<\/td>\n<td style=\"text-align: left;\" width=\"200\"><strong>11 heures \u00e0 21 heures<\/strong><\/td>\n<\/tr>\n<tr>\n<td style=\"text-align: right;\" width=\"93\">Vendredi<\/td>\n<td style=\"text-align: left;\" width=\"200\"><strong>11 heures \u00e0 21 heures<\/strong><\/td>\n<\/tr>\n<tr>\n<td style=\"text-align: right;\" width=\"93\">Samedi<\/td>\n<td style=\"text-align: left;\" width=\"200\"><strong>11 heures \u00e0 21 heures<\/strong><\/td>\n<\/tr>\n<tr>\n<td style=\"text-align: right;\" width=\"93\">Dimanche<\/td>\n<td style=\"text-align: left;\" width=\"200\"><strong>Ferm\u00e9<\/strong><\/td>\n<\/tr>\n<\/tbody>\n<\/table>\n[\/vc_column_text][\/vc_column][\/vc_row][vc_row][vc_column width=\u00a0\u00bb3\/12&Prime;][mk_fancy_title size=\u00a0\u00bb30&Prime; font_weight=\u00a0\u00bbbold\u00a0\u00bb margin_bottom=\u00a0\u00bb-10&Prime; font_family=\u00a0\u00bbMontserrat\u00a0\u00bb font_type=\u00a0\u00bbgoogle\u00a0\u00bb align=\u00a0\u00bbcenter\u00a0\u00bb]<span style=\"color: #ff0000;\">Viandes fum\u00e9es<\/span>[\/mk_fancy_title][vc_single_image image=\u00a0\u00bb1187&Prime; img_size=\u00a0\u00bb300&#215;300&Prime; onclick=\u00a0\u00bbcustom_link\u00a0\u00bb link=\u00a0\u00bbhttps:\/\/delibee.ca\/fr\/menu\/viande_fumee\/\u00a0\u00bb][\/vc_column][vc_column width=\u00a0\u00bb1\/12&Prime;][\/vc_column][vc_column width=\u00a0\u00bb4\/12&Prime;][mk_fancy_title size=\u00a0\u00bb30&Prime; font_weight=\u00a0\u00bbbold\u00a0\u00bb margin_bottom=\u00a0\u00bb0&Prime; font_family=\u00a0\u00bbMontserrat\u00a0\u00bb font_type=\u00a0\u00bbgoogle\u00a0\u00bb align=\u00a0\u00bbcenter\u00a0\u00bb]\n<p style=\"text-align: left;\"><a href=\"https:\/\/delibee.ca\/fr\/menu\/notre_grill\/\"><span style=\"color: #ff0000;\">Notre Grill<\/span><\/a><\/p>\n[\/mk_fancy_title][vc_single_image image=\u00a0\u00bb1218&Prime; img_size=\u00a0\u00bb300&#215;300&Prime; onclick=\u00a0\u00bbcustom_link\u00a0\u00bb link=\u00a0\u00bbhttps:\/\/delibee.ca\/fr\/menu\/notre_grill\/\u00a0\u00bb][\/vc_column][vc_column width=\u00a0\u00bb1\/12&Prime;][\/vc_column][vc_column width=\u00a0\u00bb3\/12&Prime;][mk_fancy_title size=\u00a0\u00bb30&Prime; font_weight=\u00a0\u00bbbold\u00a0\u00bb margin_bottom=\u00a0\u00bb-10&Prime; font_family=\u00a0\u00bbMontserrat\u00a0\u00bb font_type=\u00a0\u00bbgoogle\u00a0\u00bb align=\u00a0\u00bbcenter\u00a0\u00bb]<span style=\"color: #ff0000;\">Autres plats<\/span>[\/mk_fancy_title][vc_single_image image=\u00a0\u00bb1230&Prime; img_size=\u00a0\u00bb300&#215;300&Prime; onclick=\u00a0\u00bbcustom_link\u00a0\u00bb link=\u00a0\u00bbhttps:\/\/delibee.ca\/fr\/menu\/autres_plats\/\u00a0\u00bb][\/vc_column][\/vc_row][vc_row][vc_column][vc_row_inner][vc_column_inner width=\u00a0\u00bb5\/12&Prime;][vc_column_text css=\u00a0\u00bb.vc_custom_1707433917827{margin-bottom: 0px !important;}\u00a0\u00bb]<strong>Ingr\u00e9dients de qualit\u00e9 fra\u00eechement pr\u00e9par\u00e9s<\/strong><br \/>\nNotre viande fum\u00e9e est pr\u00e9par\u00e9e en petits lots deux (parfois trois) fois par semaine afin d&rsquo;en pr\u00e9server la fra\u00eecheur et de garantir \u00e0 nos clients la meilleure qualit\u00e9 et la meilleure saveur. Nous utilisons de la viande <em>Canada Prime<\/em> de l&rsquo;Alberta dans notre fumoir.<\/p>\n<p><strong>Quelque chose pour tout le monde<\/strong><br \/>\nBien qu&rsquo;il soit ax\u00e9 sur la <em>viande fum\u00e9e<\/em>, notre vaste menu a de quoi satisfaire tous les go\u00fbts. La poitrine de b\u0153uf de l&rsquo;Alberta est notre meilleure vente, mais la dinde, le porc et les c\u00f4tes de b\u0153uf sont \u00e9galement au programme de notre fumoir. Le menu Delibee propose un large choix d&rsquo;accompagnements, notamment une salade de chou maison (traditionnelle ou cr\u00e9meuse), des cornichons et des frites fra\u00eechement pr\u00e9par\u00e9es chaque jour. Nos frites sont fra\u00eechement pr\u00e9par\u00e9es chaque jour.[\/vc_column_text][\/vc_column_inner][vc_column_inner width=\u00a0\u00bb2\/12&Prime;][\/vc_column_inner][vc_column_inner width=\u00a0\u00bb5\/12&Prime;][vc_column_text css=\u00a0\u00bb.vc_custom_1707433872244{margin-bottom: 0px !important;}\u00a0\u00bb]<strong>Notre <em>fumoir<\/em><\/strong><br \/>\nNotre technique de fumage, mise au point au fil des ans, garantit des saveurs, une tendret\u00e9 et une humidit\u00e9 constantes. L&rsquo;attention port\u00e9e aux d\u00e9tails est essentielle. Le contr\u00f4le pr\u00e9cis de la temp\u00e9rature et la garantie d&rsquo;un flux d&rsquo;air correct pour maintenir une atmosph\u00e8re de fum\u00e9e homog\u00e8ne dans la chambre. Chez Delibee&rsquo;s, nous utilisons g\u00e9n\u00e9ralement de la <em>pomme<\/em> ou de l&rsquo; <em>\u00e9rable<\/em> dans notre fumoir, ce qui donne une saveur plus d\u00e9licate que nos clients pr\u00e9f\u00e8rent.<\/p>\n<p><strong>Ambiance et si\u00e8ges confortables<\/strong><br \/>\nChez Delibee&rsquo;s, nous avons recr\u00e9\u00e9 un restaurant \u00e0 l&rsquo;ancienne qui pr\u00e9sente des enseignes et des \u00e9quipes sportives (et des individus) d&rsquo;une \u00e9poque r\u00e9volue. Notre personnel comp\u00e9tent peut vous aider \u00e0 choisir votre menu et vous faire des recommandations (en particulier aux nouveaux clients).[\/vc_column_text][\/vc_column_inner][\/vc_row_inner][mk_padding_divider size=\u00a0\u00bb10&Prime;][vc_row_inner][vc_column_inner width=\u00a0\u00bb1\/6&Prime;][\/vc_column_inner][vc_column_inner width=\u00a0\u00bb4\/6&Prime;][vc_column_text css=\u00a0\u00bb.vc_custom_1707148661683{margin-bottom: 0px !important;}\u00a0\u00bb]\n<h3 class=\"widget-title\">Consultez cet excellent article dans <a href=\"https:\/\/www.timeout.com\/montreal\/restaurants\/best-delis-in-montreal\" target=\"_blank\" rel=\"noopener\">\u00ab\u00a0Timeout\u00a0\u00bb<\/a> !<\/h3>\n[\/vc_column_text][\/vc_column_inner][vc_column_inner width=\u00a0\u00bb1\/6&Prime;][\/vc_column_inner][\/vc_row_inner][\/vc_column][\/vc_row][mk_page_section bg_image=\u00a0\u00bbhttps:\/\/delibee.ca\/wp-content\/uploads\/2024\/01\/delibee-smoked-meat-plate-1024&#215;576-2.jpg\u00a0\u00bb attachment=\u00a0\u00bbfixed\u00a0\u00bb bg_position=\u00a0\u00bbcenter center\u00a0\u00bb bg_repeat=\u00a0\u00bbno-repeat\u00a0\u00bb bg_stretch=\u00a0\u00bbtrue\u00a0\u00bb padding_top=\u00a0\u00bb80&Prime; padding_bottom=\u00a0\u00bb100&Prime; sidebar=\u00a0\u00bbsidebar-1&Prime;][vc_column][mk_padding_divider][vc_row_inner][vc_column_inner width=\u00a0\u00bb1\/6&Prime;][\/vc_column_inner][vc_column_inner width=\u00a0\u00bb4\/6&Prime;][vc_wp_search][\/vc_column_inner][vc_column_inner width=\u00a0\u00bb1\/6&Prime;][\/vc_column_inner][\/vc_row_inner][\/vc_column][\/mk_page_section][vc_row][vc_column][mk_padding_divider size=\u00a0\u00bb25&Prime;][mk_fancy_title size=\u00a0\u00bb25&Prime; font_weight=\u00a0\u00bb600&Prime; margin_bottom=\u00a0\u00bb0&Prime; font_family=\u00a0\u00bbnone\u00a0\u00bb]Engagement communautaire[\/mk_fancy_title][vc_column_text css=\u00a0\u00bb.vc_custom_1707434220002{margin-bottom: 0px !important;}\u00a0\u00bb]En tant que bonne deli de quartier, le Delibee s&rsquo;implique souvent dans des \u00e9v\u00e9nements et des initiatives communautaires. Il peut s&rsquo;agir de parrainer des \u00e9quipes sportives locales, d&rsquo;organiser des collectes de fonds pour des causes caritatives ou de participer aux efforts de nettoyage du quartier. Contactez-nous pour plus d&rsquo;informations.[\/vc_column_text][\/vc_column][\/vc_row][vc_row][vc_column width=\u00a0\u00bb3\/12&Prime;][vc_images_carousel images=\u00a0\u00bb1187,1214,1163&Prime; img_size=\u00a0\u00bb300&#215;300&Prime; onclick=\u00a0\u00bbcustom_link\u00a0\u00bb autoplay=\u00a0\u00bbyes\u00a0\u00bb wrap=\u00a0\u00bbyes\u00a0\u00bb custom_links=\u00a0\u00bb#E-8_aHR0cHMlM0ElMkYlMkZtYXlmYWlydGF2ZXJuLmNhJTJGZm9vZC1tZW51JTJG\u00a0\u00bb][\/vc_column][vc_column width=\u00a0\u00bb1\/12&Prime;][\/vc_column][vc_column width=\u00a0\u00bb4\/12&Prime;][vc_images_carousel images=\u00a0\u00bb1220,1222,1218&Prime; img_size=\u00a0\u00bb300&#215;300&Prime; onclick=\u00a0\u00bbcustom_link\u00a0\u00bb autoplay=\u00a0\u00bbyes\u00a0\u00bb wrap=\u00a0\u00bbyes\u00a0\u00bb custom_links=\u00a0\u00bb#E-8_aHR0cHMlM0ElMkYlMkZtYXlmYWlydGF2ZXJuLmNhJTJGYmV2ZXJhZ2VzJTJG\u00a0\u00bb][\/vc_column][vc_column width=\u00a0\u00bb1\/12&Prime;][\/vc_column][vc_column width=\u00a0\u00bb3\/12&Prime;][vc_images_carousel images=\u00a0\u00bb1393,1389,1228,1230&Prime; img_size=\u00a0\u00bb300&#215;300&Prime; onclick=\u00a0\u00bbcustom_link\u00a0\u00bb autoplay=\u00a0\u00bbyes\u00a0\u00bb wrap=\u00a0\u00bbyes\u00a0\u00bb custom_links=\u00a0\u00bb#E-8_aHR0cHMlM0ElMkYlMkZtYXlmYWlydGF2ZXJuLmNhJTJGZXZlbnRzJTJG\u00a0\u00bb][\/vc_column][\/vc_row]\n<\/div>","protected":false},"excerpt":{"rendered":"<p>[vc_row][vc_column width=\u00a0\u00bb2\/3&Prime;][mk_fancy_title size=\u00a0\u00bb30&Prime; font_weight=\u00a0\u00bb600&Prime; margin_top=\u00a0\u00bb25&Prime; margin_bottom=\u00a0\u00bb\u00a0\u00bb font_family=\u00a0\u00bbnone\u00a0\u00bb]Bienvenue chez Delibee&rsquo;s[\/mk_fancy_title][vc_column_text css=\u00a0\u00bb.vc_custom_1714405822241{margin-bottom: 0px !important;}\u00a0\u00bb]Restaurant Delibee a une histoire riche en tradition de servir la viande fum\u00e9e c\u00e9l\u00e8bre de Montr\u00e9al. Le propri\u00e9taire, Philip Vavaro, a appris le m\u00e9tier de la viand\u00e9e fum\u00e9e de son p\u00e8re au c\u0153ur de Montr\u00e9al. \u00c0 partir de 14 ans, Phil a travaill\u00e9 comme [&hellip;]<\/p>\n","protected":false},"author":1,"featured_media":0,"parent":0,"menu_order":0,"comment_status":"closed","ping_status":"closed","template":"","meta":{"footnotes":""},"class_list":["post-935","page","type-page","status-publish","hentry"],"yoast_head":"<!-- This site is optimized with the Yoast SEO plugin v22.8 - https:\/\/yoast.com\/wordpress\/plugins\/seo\/ -->\n<title>Accueil - Delibee - La meilleure viande fum\u00e9e de West Inland<\/title>\n<meta name=\"robots\" content=\"index, follow, max-snippet:-1, max-image-preview:large, max-video-preview:-1\" \/>\n<link rel=\"canonical\" href=\"https:\/\/delibee.ca\/fr\/\" \/>\n<meta property=\"og:locale\" content=\"fr_FR\" \/>\n<meta property=\"og:type\" content=\"article\" \/>\n<meta property=\"og:title\" content=\"Accueil - Delibee - La meilleure viande fum\u00e9e de West Inland\" \/>\n<meta property=\"og:description\" content=\"[vc_row][vc_column width=\u00a0\u00bb2\/3&Prime;][mk_fancy_title size=\u00a0\u00bb30&Prime; font_weight=\u00a0\u00bb600&Prime; margin_top=\u00a0\u00bb25&Prime; margin_bottom=\u00a0\u00bb\u00a0\u00bb font_family=\u00a0\u00bbnone\u00a0\u00bb]Bienvenue chez Delibee&rsquo;s[\/mk_fancy_title][vc_column_text css=\u00a0\u00bb.vc_custom_1714405822241{margin-bottom: 0px !important;}\u00a0\u00bb]Restaurant Delibee a une histoire riche en tradition de servir la viande fum\u00e9e c\u00e9l\u00e8bre de Montr\u00e9al. Le propri\u00e9taire, Philip Vavaro, a appris le m\u00e9tier de la viand\u00e9e fum\u00e9e de son p\u00e8re au c\u0153ur de Montr\u00e9al. \u00c0 partir de 14 ans, Phil a travaill\u00e9 comme [&hellip;]\" \/>\n<meta property=\"og:url\" content=\"https:\/\/delibee.ca\/fr\/\" \/>\n<meta property=\"og:site_name\" content=\"Delibee - La meilleure viande fum\u00e9e de West Inland\" \/>\n<meta property=\"article:modified_time\" content=\"2025-08-01T14:23:56+00:00\" \/>\n<meta property=\"og:image\" content=\"https:\/\/delibee.ca\/wp-content\/uploads\/2024\/04\/new-latkes-pierogies-french-250x133-1.jpg\" \/>\n<meta name=\"twitter:card\" content=\"summary_large_image\" \/>\n<meta name=\"twitter:label1\" content=\"Dur\u00e9e de lecture estim\u00e9e\" \/>\n\t<meta name=\"twitter:data1\" content=\"4 minutes\" \/>\n<script type=\"application\/ld+json\" class=\"yoast-schema-graph\">{\"@context\":\"https:\/\/schema.org\",\"@graph\":[{\"@type\":\"WebPage\",\"@id\":\"https:\/\/delibee.ca\/fr\/\",\"url\":\"https:\/\/delibee.ca\/fr\/\",\"name\":\"Accueil - Delibee - La meilleure viande fum\u00e9e de West Inland\",\"isPartOf\":{\"@id\":\"https:\/\/delibee.ca\/#website\"},\"primaryImageOfPage\":{\"@id\":\"https:\/\/delibee.ca\/fr\/#primaryimage\"},\"image\":{\"@id\":\"https:\/\/delibee.ca\/fr\/#primaryimage\"},\"thumbnailUrl\":\"https:\/\/delibee.ca\/wp-content\/uploads\/2024\/04\/new-latkes-pierogies-french-250x133-1.jpg\",\"datePublished\":\"2023-03-12T19:21:45+00:00\",\"dateModified\":\"2025-08-01T14:23:56+00:00\",\"breadcrumb\":{\"@id\":\"https:\/\/delibee.ca\/fr\/#breadcrumb\"},\"inLanguage\":\"fr-FR\",\"potentialAction\":[{\"@type\":\"ReadAction\",\"target\":[\"https:\/\/delibee.ca\/fr\/\"]}]},{\"@type\":\"ImageObject\",\"inLanguage\":\"fr-FR\",\"@id\":\"https:\/\/delibee.ca\/fr\/#primaryimage\",\"url\":\"https:\/\/delibee.ca\/wp-content\/uploads\/2024\/04\/new-latkes-pierogies-french-250x133-1.jpg\",\"contentUrl\":\"https:\/\/delibee.ca\/wp-content\/uploads\/2024\/04\/new-latkes-pierogies-french-250x133-1.jpg\"},{\"@type\":\"BreadcrumbList\",\"@id\":\"https:\/\/delibee.ca\/fr\/#breadcrumb\",\"itemListElement\":[{\"@type\":\"ListItem\",\"position\":1,\"name\":\"Home\",\"item\":\"https:\/\/delibee.ca\/fr\/\"},{\"@type\":\"ListItem\",\"position\":2,\"name\":\"Accueil\"}]},{\"@type\":\"WebSite\",\"@id\":\"https:\/\/delibee.ca\/#website\",\"url\":\"https:\/\/delibee.ca\/\",\"name\":\"Delibee - La meilleure viande fum\u00e9e de West Inland\",\"description\":\"La meilleure charcuterie et le meilleur fumoir de Pointe-Claire\",\"potentialAction\":[{\"@type\":\"SearchAction\",\"target\":{\"@type\":\"EntryPoint\",\"urlTemplate\":\"https:\/\/delibee.ca\/?s={search_term_string}\"},\"query-input\":\"required name=search_term_string\"}],\"inLanguage\":\"fr-FR\"}]}<\/script>\n<!-- \/ Yoast SEO plugin. -->","yoast_head_json":{"title":"Accueil - Delibee - La meilleure viande fum\u00e9e de West Inland","robots":{"index":"index","follow":"follow","max-snippet":"max-snippet:-1","max-image-preview":"max-image-preview:large","max-video-preview":"max-video-preview:-1"},"canonical":"https:\/\/delibee.ca\/fr\/","og_locale":"fr_FR","og_type":"article","og_title":"Accueil - Delibee - La meilleure viande fum\u00e9e de West Inland","og_description":"[vc_row][vc_column width=\u00a0\u00bb2\/3&Prime;][mk_fancy_title size=\u00a0\u00bb30&Prime; font_weight=\u00a0\u00bb600&Prime; margin_top=\u00a0\u00bb25&Prime; margin_bottom=\u00a0\u00bb\u00a0\u00bb font_family=\u00a0\u00bbnone\u00a0\u00bb]Bienvenue chez Delibee&rsquo;s[\/mk_fancy_title][vc_column_text css=\u00a0\u00bb.vc_custom_1714405822241{margin-bottom: 0px !important;}\u00a0\u00bb]Restaurant Delibee a une histoire riche en tradition de servir la viande fum\u00e9e c\u00e9l\u00e8bre de Montr\u00e9al. Le propri\u00e9taire, Philip Vavaro, a appris le m\u00e9tier de la viand\u00e9e fum\u00e9e de son p\u00e8re au c\u0153ur de Montr\u00e9al. \u00c0 partir de 14 ans, Phil a travaill\u00e9 comme [&hellip;]","og_url":"https:\/\/delibee.ca\/fr\/","og_site_name":"Delibee - La meilleure viande fum\u00e9e de West Inland","article_modified_time":"2025-08-01T14:23:56+00:00","og_image":[{"url":"https:\/\/delibee.ca\/wp-content\/uploads\/2024\/04\/new-latkes-pierogies-french-250x133-1.jpg"}],"twitter_card":"summary_large_image","twitter_misc":{"Dur\u00e9e de lecture estim\u00e9e":"4 minutes"},"schema":{"@context":"https:\/\/schema.org","@graph":[{"@type":"WebPage","@id":"https:\/\/delibee.ca\/fr\/","url":"https:\/\/delibee.ca\/fr\/","name":"Accueil - Delibee - La meilleure viande fum\u00e9e de West Inland","isPartOf":{"@id":"https:\/\/delibee.ca\/#website"},"primaryImageOfPage":{"@id":"https:\/\/delibee.ca\/fr\/#primaryimage"},"image":{"@id":"https:\/\/delibee.ca\/fr\/#primaryimage"},"thumbnailUrl":"https:\/\/delibee.ca\/wp-content\/uploads\/2024\/04\/new-latkes-pierogies-french-250x133-1.jpg","datePublished":"2023-03-12T19:21:45+00:00","dateModified":"2025-08-01T14:23:56+00:00","breadcrumb":{"@id":"https:\/\/delibee.ca\/fr\/#breadcrumb"},"inLanguage":"fr-FR","potentialAction":[{"@type":"ReadAction","target":["https:\/\/delibee.ca\/fr\/"]}]},{"@type":"ImageObject","inLanguage":"fr-FR","@id":"https:\/\/delibee.ca\/fr\/#primaryimage","url":"https:\/\/delibee.ca\/wp-content\/uploads\/2024\/04\/new-latkes-pierogies-french-250x133-1.jpg","contentUrl":"https:\/\/delibee.ca\/wp-content\/uploads\/2024\/04\/new-latkes-pierogies-french-250x133-1.jpg"},{"@type":"BreadcrumbList","@id":"https:\/\/delibee.ca\/fr\/#breadcrumb","itemListElement":[{"@type":"ListItem","position":1,"name":"Home","item":"https:\/\/delibee.ca\/fr\/"},{"@type":"ListItem","position":2,"name":"Accueil"}]},{"@type":"WebSite","@id":"https:\/\/delibee.ca\/#website","url":"https:\/\/delibee.ca\/","name":"Delibee - La meilleure viande fum\u00e9e de West Inland","description":"La meilleure charcuterie et le meilleur fumoir de Pointe-Claire","potentialAction":[{"@type":"SearchAction","target":{"@type":"EntryPoint","urlTemplate":"https:\/\/delibee.ca\/?s={search_term_string}"},"query-input":"required name=search_term_string"}],"inLanguage":"fr-FR"}]}},"_links":{"self":[{"href":"https:\/\/delibee.ca\/fr\/wp-json\/wp\/v2\/pages\/935","targetHints":{"allow":["GET"]}}],"collection":[{"href":"https:\/\/delibee.ca\/fr\/wp-json\/wp\/v2\/pages"}],"about":[{"href":"https:\/\/delibee.ca\/fr\/wp-json\/wp\/v2\/types\/page"}],"author":[{"embeddable":true,"href":"https:\/\/delibee.ca\/fr\/wp-json\/wp\/v2\/users\/1"}],"replies":[{"embeddable":true,"href":"https:\/\/delibee.ca\/fr\/wp-json\/wp\/v2\/comments?post=935"}],"version-history":[{"count":27,"href":"https:\/\/delibee.ca\/fr\/wp-json\/wp\/v2\/pages\/935\/revisions"}],"predecessor-version":[{"id":1670,"href":"https:\/\/delibee.ca\/fr\/wp-json\/wp\/v2\/pages\/935\/revisions\/1670"}],"wp:attachment":[{"href":"https:\/\/delibee.ca\/fr\/wp-json\/wp\/v2\/media?parent=935"}],"curies":[{"name":"wp","href":"https:\/\/api.w.org\/{rel}","templated":true}]}}