{"id":922,"date":"2024-01-25T10:31:56","date_gmt":"2024-01-25T15:31:56","guid":{"rendered":"https:\/\/mayfairtavern.ca\/beverages\/"},"modified":"2024-01-29T16:49:10","modified_gmt":"2024-01-29T21:49:10","slug":"breuvages","status":"publish","type":"page","link":"https:\/\/delibee.ca\/fr\/breuvages\/","title":{"rendered":"BREUVAGES"},"content":{"rendered":"<div class=\"wpb-content-wrapper\">[mk_page_section bg_image=\u00a0\u00bbhttps:\/\/delibee.ca\/wp-content\/uploads\/2024\/01\/mayfair-quarts-2000&#215;1500-1.jpg\u00a0\u00bb bg_position=\u00a0\u00bbcenter center\u00a0\u00bb bg_repeat=\u00a0\u00bbno-repeat\u00a0\u00bb bg_stretch=\u00a0\u00bbtrue\u00a0\u00bb video_color_mask=\u00a0\u00bb#000000&Prime; min_height=\u00a0\u00bb400&Prime; full_width=\u00a0\u00bbtrue\u00a0\u00bb sidebar=\u00a0\u00bbsidebar-1&Prime;][vc_column][mk_fancy_title size=\u00a0\u00bb40&Prime; font_weight=\u00a0\u00bbbold\u00a0\u00bb margin_top=\u00a0\u00bb200&Prime; font_family=\u00a0\u00bbMontserrat\u00a0\u00bb font_type=\u00a0\u00bbgoogle\u00a0\u00bb align=\u00a0\u00bbcenter\u00a0\u00bb]<span style=\"color: #ffffff;\">Soif? Nous pouvons arranger cela!<\/span>[\/mk_fancy_title][\/vc_column][\/mk_page_section][mk_page_section][vc_column][mk_fancy_title size=\u00a0\u00bb30&Prime; font_weight=\u00a0\u00bb600&Prime; margin_top=\u00a0\u00bb25&Prime; font_family=\u00a0\u00bbnone\u00a0\u00bb]Bi\u00e8re, vin, boissons m\u00e9lang\u00e9es ou cocktails, quel que soit votre plaisir, nos sympathiques &lsquo;bartender&rsquo; professionnels s&rsquo;en chargeront ![\/mk_fancy_title][mk_padding_divider size=\u00a0\u00bb20&Prime;][vc_row_inner][vc_column_inner width=\u00a0\u00bb1\/2&Prime;][vc_single_image image=\u00a0\u00bb1090&Prime; img_size=\u00a0\u00bbfull\u00a0\u00bb alignment=\u00a0\u00bbcenter\u00a0\u00bb css=\u00a0\u00bb.vc_custom_1706393359534{border-top-width: 1px !important;border-right-width: 1px !important;border-bottom-width: 1px !important;border-left-width: 1px !important;background-color: #ebebeb !important;border-left-color: #dd3333 !important;border-left-style: solid !important;border-right-color: #dd3333 !important;border-right-style: solid !important;border-top-color: #dd3333 !important;border-top-style: solid !important;border-bottom-color: #dd3333 !important;border-bottom-style: solid !important;}\u00a0\u00bb][\/vc_column_inner][vc_column_inner width=\u00a0\u00bb1\/2&Prime;][vc_single_image image=\u00a0\u00bb1093&Prime; img_size=\u00a0\u00bbfull\u00a0\u00bb alignment=\u00a0\u00bbcenter\u00a0\u00bb css=\u00a0\u00bb.vc_custom_1706393624587{border-top-width: 1px !important;border-right-width: 1px !important;border-bottom-width: 1px !important;border-left-width: 1px !important;background-color: #ebebeb !important;border-left-color: #dd3333 !important;border-left-style: solid !important;border-right-color: #dd3333 !important;border-right-style: solid !important;border-top-color: #dd3333 !important;border-top-style: solid !important;border-bottom-color: #dd3333 !important;border-bottom-style: solid !important;}\u00a0\u00bb][\/vc_column_inner][\/vc_row_inner][\/vc_column][\/mk_page_section][vc_row][vc_column][vc_single_image image=\u00a0\u00bb729&Prime; img_size=\u00a0\u00bbfull\u00a0\u00bb alignment=\u00a0\u00bbcenter\u00a0\u00bb][\/vc_column][\/vc_row]\n<\/div>","protected":false},"excerpt":{"rendered":"<p>[mk_page_section bg_image=\u00a0\u00bbhttps:\/\/delibee.ca\/wp-content\/uploads\/2024\/01\/mayfair-quarts-2000&#215;1500-1.jpg\u00a0\u00bb bg_position=\u00a0\u00bbcenter center\u00a0\u00bb bg_repeat=\u00a0\u00bbno-repeat\u00a0\u00bb bg_stretch=\u00a0\u00bbtrue\u00a0\u00bb video_color_mask=\u00a0\u00bb#000000&Prime; min_height=\u00a0\u00bb400&Prime; full_width=\u00a0\u00bbtrue\u00a0\u00bb sidebar=\u00a0\u00bbsidebar-1&Prime;][vc_column][mk_fancy_title size=\u00a0\u00bb40&Prime; font_weight=\u00a0\u00bbbold\u00a0\u00bb margin_top=\u00a0\u00bb200&Prime; font_family=\u00a0\u00bbMontserrat\u00a0\u00bb font_type=\u00a0\u00bbgoogle\u00a0\u00bb align=\u00a0\u00bbcenter\u00a0\u00bb]Soif? Nous pouvons arranger cela![\/mk_fancy_title][\/vc_column][\/mk_page_section][mk_page_section][vc_column][mk_fancy_title size=\u00a0\u00bb30&Prime; font_weight=\u00a0\u00bb600&Prime; margin_top=\u00a0\u00bb25&Prime; font_family=\u00a0\u00bbnone\u00a0\u00bb]Bi\u00e8re, vin, boissons m\u00e9lang\u00e9es ou cocktails, quel que soit votre plaisir, nos sympathiques &lsquo;bartender&rsquo; professionnels s&rsquo;en chargeront ![\/mk_fancy_title][mk_padding_divider size=\u00a0\u00bb20&Prime;][vc_row_inner][vc_column_inner width=\u00a0\u00bb1\/2&Prime;][vc_single_image image=\u00a0\u00bb1090&Prime; img_size=\u00a0\u00bbfull\u00a0\u00bb alignment=\u00a0\u00bbcenter\u00a0\u00bb css=\u00a0\u00bb.vc_custom_1706393359534{border-top-width: 1px !important;border-right-width: 1px !important;border-bottom-width: 1px !important;border-left-width: 1px !important;background-color: [&hellip;]<\/p>\n","protected":false},"author":2,"featured_media":0,"parent":0,"menu_order":0,"comment_status":"closed","ping_status":"closed","template":"","meta":{"footnotes":""},"class_list":["post-922","page","type-page","status-publish","hentry"],"yoast_head":"<!-- This site is optimized with the Yoast SEO plugin v22.8 - https:\/\/yoast.com\/wordpress\/plugins\/seo\/ -->\n<title>BREUVAGES - Delibee - La meilleure viande fum\u00e9e de West Inland<\/title>\n<meta name=\"robots\" content=\"index, follow, max-snippet:-1, max-image-preview:large, max-video-preview:-1\" \/>\n<link rel=\"canonical\" href=\"https:\/\/delibee.ca\/beverages\/\" \/>\n<meta property=\"og:locale\" content=\"fr_FR\" \/>\n<meta property=\"og:type\" content=\"article\" \/>\n<meta property=\"og:title\" content=\"BREUVAGES - Delibee - La meilleure viande fum\u00e9e de West Inland\" \/>\n<meta property=\"og:description\" content=\"[mk_page_section bg_image=\u00a0\u00bbhttps:\/\/delibee.ca\/wp-content\/uploads\/2024\/01\/mayfair-quarts-2000&#215;1500-1.jpg\u00a0\u00bb bg_position=\u00a0\u00bbcenter center\u00a0\u00bb bg_repeat=\u00a0\u00bbno-repeat\u00a0\u00bb bg_stretch=\u00a0\u00bbtrue\u00a0\u00bb video_color_mask=\u00a0\u00bb#000000&Prime; min_height=\u00a0\u00bb400&Prime; full_width=\u00a0\u00bbtrue\u00a0\u00bb sidebar=\u00a0\u00bbsidebar-1&Prime;][vc_column][mk_fancy_title size=\u00a0\u00bb40&Prime; font_weight=\u00a0\u00bbbold\u00a0\u00bb margin_top=\u00a0\u00bb200&Prime; font_family=\u00a0\u00bbMontserrat\u00a0\u00bb font_type=\u00a0\u00bbgoogle\u00a0\u00bb align=\u00a0\u00bbcenter\u00a0\u00bb]Soif? Nous pouvons arranger cela![\/mk_fancy_title][\/vc_column][\/mk_page_section][mk_page_section][vc_column][mk_fancy_title size=\u00a0\u00bb30&Prime; font_weight=\u00a0\u00bb600&Prime; margin_top=\u00a0\u00bb25&Prime; font_family=\u00a0\u00bbnone\u00a0\u00bb]Bi\u00e8re, vin, boissons m\u00e9lang\u00e9es ou cocktails, quel que soit votre plaisir, nos sympathiques &lsquo;bartender&rsquo; professionnels s&rsquo;en chargeront ![\/mk_fancy_title][mk_padding_divider size=\u00a0\u00bb20&Prime;][vc_row_inner][vc_column_inner width=\u00a0\u00bb1\/2&Prime;][vc_single_image image=\u00a0\u00bb1090&Prime; img_size=\u00a0\u00bbfull\u00a0\u00bb alignment=\u00a0\u00bbcenter\u00a0\u00bb css=\u00a0\u00bb.vc_custom_1706393359534{border-top-width: 1px !important;border-right-width: 1px !important;border-bottom-width: 1px !important;border-left-width: 1px !important;background-color: [&hellip;]\" \/>\n<meta property=\"og:url\" content=\"https:\/\/delibee.ca\/beverages\/\" \/>\n<meta property=\"og:site_name\" content=\"Delibee - La meilleure viande fum\u00e9e de West Inland\" \/>\n<meta property=\"article:modified_time\" content=\"2024-01-29T21:49:10+00:00\" \/>\n<meta name=\"twitter:card\" content=\"summary_large_image\" \/>\n<meta name=\"twitter:label1\" content=\"Dur\u00e9e de lecture estim\u00e9e\" \/>\n\t<meta name=\"twitter:data1\" content=\"1 minute\" \/>\n<script type=\"application\/ld+json\" class=\"yoast-schema-graph\">{\"@context\":\"https:\/\/schema.org\",\"@graph\":[{\"@type\":\"WebPage\",\"@id\":\"https:\/\/delibee.ca\/beverages\/\",\"url\":\"https:\/\/delibee.ca\/beverages\/\",\"name\":\"BREUVAGES - Delibee - La meilleure viande fum\u00e9e de West Inland\",\"isPartOf\":{\"@id\":\"https:\/\/delibee.ca\/#website\"},\"datePublished\":\"2024-01-25T15:31:56+00:00\",\"dateModified\":\"2024-01-29T21:49:10+00:00\",\"breadcrumb\":{\"@id\":\"https:\/\/delibee.ca\/beverages\/#breadcrumb\"},\"inLanguage\":\"fr-FR\",\"potentialAction\":[{\"@type\":\"ReadAction\",\"target\":[\"https:\/\/delibee.ca\/beverages\/\"]}]},{\"@type\":\"BreadcrumbList\",\"@id\":\"https:\/\/delibee.ca\/beverages\/#breadcrumb\",\"itemListElement\":[{\"@type\":\"ListItem\",\"position\":1,\"name\":\"Home\",\"item\":\"https:\/\/delibee.ca\/fr\/\"},{\"@type\":\"ListItem\",\"position\":2,\"name\":\"BREUVAGES\"}]},{\"@type\":\"WebSite\",\"@id\":\"https:\/\/delibee.ca\/#website\",\"url\":\"https:\/\/delibee.ca\/\",\"name\":\"Delibee - La meilleure viande fum\u00e9e de West Inland\",\"description\":\"La meilleure charcuterie et le meilleur fumoir de Pointe-Claire\",\"potentialAction\":[{\"@type\":\"SearchAction\",\"target\":{\"@type\":\"EntryPoint\",\"urlTemplate\":\"https:\/\/delibee.ca\/?s={search_term_string}\"},\"query-input\":\"required name=search_term_string\"}],\"inLanguage\":\"fr-FR\"}]}<\/script>\n<!-- \/ Yoast SEO plugin. -->","yoast_head_json":{"title":"BREUVAGES - Delibee - La meilleure viande fum\u00e9e de West Inland","robots":{"index":"index","follow":"follow","max-snippet":"max-snippet:-1","max-image-preview":"max-image-preview:large","max-video-preview":"max-video-preview:-1"},"canonical":"https:\/\/delibee.ca\/beverages\/","og_locale":"fr_FR","og_type":"article","og_title":"BREUVAGES - Delibee - La meilleure viande fum\u00e9e de West Inland","og_description":"[mk_page_section bg_image=\u00a0\u00bbhttps:\/\/delibee.ca\/wp-content\/uploads\/2024\/01\/mayfair-quarts-2000&#215;1500-1.jpg\u00a0\u00bb bg_position=\u00a0\u00bbcenter center\u00a0\u00bb bg_repeat=\u00a0\u00bbno-repeat\u00a0\u00bb bg_stretch=\u00a0\u00bbtrue\u00a0\u00bb video_color_mask=\u00a0\u00bb#000000&Prime; min_height=\u00a0\u00bb400&Prime; full_width=\u00a0\u00bbtrue\u00a0\u00bb sidebar=\u00a0\u00bbsidebar-1&Prime;][vc_column][mk_fancy_title size=\u00a0\u00bb40&Prime; font_weight=\u00a0\u00bbbold\u00a0\u00bb margin_top=\u00a0\u00bb200&Prime; font_family=\u00a0\u00bbMontserrat\u00a0\u00bb font_type=\u00a0\u00bbgoogle\u00a0\u00bb align=\u00a0\u00bbcenter\u00a0\u00bb]Soif? Nous pouvons arranger cela![\/mk_fancy_title][\/vc_column][\/mk_page_section][mk_page_section][vc_column][mk_fancy_title size=\u00a0\u00bb30&Prime; font_weight=\u00a0\u00bb600&Prime; margin_top=\u00a0\u00bb25&Prime; font_family=\u00a0\u00bbnone\u00a0\u00bb]Bi\u00e8re, vin, boissons m\u00e9lang\u00e9es ou cocktails, quel que soit votre plaisir, nos sympathiques &lsquo;bartender&rsquo; professionnels s&rsquo;en chargeront ![\/mk_fancy_title][mk_padding_divider size=\u00a0\u00bb20&Prime;][vc_row_inner][vc_column_inner width=\u00a0\u00bb1\/2&Prime;][vc_single_image image=\u00a0\u00bb1090&Prime; img_size=\u00a0\u00bbfull\u00a0\u00bb alignment=\u00a0\u00bbcenter\u00a0\u00bb css=\u00a0\u00bb.vc_custom_1706393359534{border-top-width: 1px !important;border-right-width: 1px !important;border-bottom-width: 1px !important;border-left-width: 1px !important;background-color: [&hellip;]","og_url":"https:\/\/delibee.ca\/beverages\/","og_site_name":"Delibee - La meilleure viande fum\u00e9e de West Inland","article_modified_time":"2024-01-29T21:49:10+00:00","twitter_card":"summary_large_image","twitter_misc":{"Dur\u00e9e de lecture estim\u00e9e":"1 minute"},"schema":{"@context":"https:\/\/schema.org","@graph":[{"@type":"WebPage","@id":"https:\/\/delibee.ca\/beverages\/","url":"https:\/\/delibee.ca\/beverages\/","name":"BREUVAGES - Delibee - La meilleure viande fum\u00e9e de West Inland","isPartOf":{"@id":"https:\/\/delibee.ca\/#website"},"datePublished":"2024-01-25T15:31:56+00:00","dateModified":"2024-01-29T21:49:10+00:00","breadcrumb":{"@id":"https:\/\/delibee.ca\/beverages\/#breadcrumb"},"inLanguage":"fr-FR","potentialAction":[{"@type":"ReadAction","target":["https:\/\/delibee.ca\/beverages\/"]}]},{"@type":"BreadcrumbList","@id":"https:\/\/delibee.ca\/beverages\/#breadcrumb","itemListElement":[{"@type":"ListItem","position":1,"name":"Home","item":"https:\/\/delibee.ca\/fr\/"},{"@type":"ListItem","position":2,"name":"BREUVAGES"}]},{"@type":"WebSite","@id":"https:\/\/delibee.ca\/#website","url":"https:\/\/delibee.ca\/","name":"Delibee - La meilleure viande fum\u00e9e de West Inland","description":"La meilleure charcuterie et le meilleur fumoir de Pointe-Claire","potentialAction":[{"@type":"SearchAction","target":{"@type":"EntryPoint","urlTemplate":"https:\/\/delibee.ca\/?s={search_term_string}"},"query-input":"required name=search_term_string"}],"inLanguage":"fr-FR"}]}},"_links":{"self":[{"href":"https:\/\/delibee.ca\/fr\/wp-json\/wp\/v2\/pages\/922","targetHints":{"allow":["GET"]}}],"collection":[{"href":"https:\/\/delibee.ca\/fr\/wp-json\/wp\/v2\/pages"}],"about":[{"href":"https:\/\/delibee.ca\/fr\/wp-json\/wp\/v2\/types\/page"}],"author":[{"embeddable":true,"href":"https:\/\/delibee.ca\/fr\/wp-json\/wp\/v2\/users\/2"}],"replies":[{"embeddable":true,"href":"https:\/\/delibee.ca\/fr\/wp-json\/wp\/v2\/comments?post=922"}],"version-history":[{"count":9,"href":"https:\/\/delibee.ca\/fr\/wp-json\/wp\/v2\/pages\/922\/revisions"}],"predecessor-version":[{"id":1138,"href":"https:\/\/delibee.ca\/fr\/wp-json\/wp\/v2\/pages\/922\/revisions\/1138"}],"wp:attachment":[{"href":"https:\/\/delibee.ca\/fr\/wp-json\/wp\/v2\/media?parent=922"}],"curies":[{"name":"wp","href":"https:\/\/api.w.org\/{rel}","templated":true}]}}