{"id":1345,"date":"2024-02-01T15:12:38","date_gmt":"2024-02-01T20:12:38","guid":{"rendered":"https:\/\/delibee.ca\/menu\/specials\/"},"modified":"2024-02-13T16:30:16","modified_gmt":"2024-02-13T21:30:16","slug":"speciales","status":"publish","type":"page","link":"https:\/\/delibee.ca\/fr\/menu\/speciales\/","title":{"rendered":"SP\u00c9CIALES"},"content":{"rendered":"<div class=\"wpb-content-wrapper\">[vc_row fullwidth=\u00a0\u00bbtrue\u00a0\u00bb css=\u00a0\u00bb.vc_custom_1707313467618{margin-top: -15px !important;margin-bottom: -15px !important;background-color: #000000 !important;}\u00a0\u00bb][vc_column width=\u00a0\u00bb1\/4&Prime;][mk_button dimension=\u00a0\u00bbflat\u00a0\u00bb size=\u00a0\u00bblarge\u00a0\u00bb url=\u00a0\u00bbhttps:\/\/delibee.ca\/fr\/menu\/viande_fumee\/\u00a0\u00bb align=\u00a0\u00bbcenter\u00a0\u00bb button_custom_width=\u00a0\u00bb250&Prime; margin_top=\u00a0\u00bb15&Prime; bg_color=\u00a0\u00bb#000000&Prime; btn_hover_bg=\u00a0\u00bb#000000&Prime; btn_hover_txt_color=\u00a0\u00bb#eeee22&Prime;]VIANDE FUM\u00c9E[\/mk_button][\/vc_column][vc_column width=\u00a0\u00bb1\/4&Prime;][mk_button dimension=\u00a0\u00bbflat\u00a0\u00bb size=\u00a0\u00bblarge\u00a0\u00bb url=\u00a0\u00bbhttps:\/\/delibee.ca\/fr\/menu\/notre_grill\/\u00a0\u00bb align=\u00a0\u00bbcenter\u00a0\u00bb button_custom_width=\u00a0\u00bb250&Prime; margin_top=\u00a0\u00bb15&Prime; bg_color=\u00a0\u00bb#000000&Prime; btn_hover_bg=\u00a0\u00bb#000000&Prime; btn_hover_txt_color=\u00a0\u00bb#eeee22&Prime;]NOTRE GRILL[\/mk_button][\/vc_column][vc_column width=\u00a0\u00bb1\/4&Prime;][mk_button dimension=\u00a0\u00bbflat\u00a0\u00bb size=\u00a0\u00bblarge\u00a0\u00bb url=\u00a0\u00bbhttps:\/\/delibee.ca\/fr\/menu\/autres_plats\/\u00a0\u00bb align=\u00a0\u00bbcenter\u00a0\u00bb button_custom_width=\u00a0\u00bb250&Prime; margin_top=\u00a0\u00bb15&Prime; bg_color=\u00a0\u00bb#000000&Prime; btn_hover_bg=\u00a0\u00bb#000000&Prime; btn_hover_txt_color=\u00a0\u00bb#eeee22&Prime;]AUTRES PLATS[\/mk_button][\/vc_column][vc_column width=\u00a0\u00bb1\/4&Prime;][mk_button dimension=\u00a0\u00bbflat\u00a0\u00bb size=\u00a0\u00bblarge\u00a0\u00bb url=\u00a0\u00bbhttps:\/\/delibee.ca\/fr\/menu\/emporter\/\u00a0\u00bb align=\u00a0\u00bbcenter\u00a0\u00bb button_custom_width=\u00a0\u00bb250&Prime; margin_top=\u00a0\u00bb15&Prime; bg_color=\u00a0\u00bb#000000&Prime; btn_hover_bg=\u00a0\u00bb#000000&Prime; btn_hover_txt_color=\u00a0\u00bb#eeee22&Prime;]\u00e0 EMPORTER[\/mk_button][\/vc_column][\/vc_row][mk_page_section bg_image=\u00a0\u00bbhttps:\/\/delibee.ca\/wp-content\/uploads\/2024\/01\/delibee-smoked-meat-plate-1024&#215;576-1.jpg\u00a0\u00bb attachment=\u00a0\u00bbfixed\u00a0\u00bb bg_position=\u00a0\u00bbcenter center\u00a0\u00bb bg_repeat=\u00a0\u00bbno-repeat\u00a0\u00bb bg_stretch=\u00a0\u00bbtrue\u00a0\u00bb video_color_mask=\u00a0\u00bb#000000&Prime; video_opacity=\u00a0\u00bb0.5&Prime; min_height=\u00a0\u00bb300&Prime; sidebar=\u00a0\u00bbsidebar-1&Prime;][vc_column width=\u00a0\u00bb2\/3&Prime;][mk_fancy_title size=\u00a0\u00bb40&Prime; force_font_size=\u00a0\u00bbtrue\u00a0\u00bb size_smallscreen=\u00a0\u00bb25&Prime; size_tablet=\u00a0\u00bb25&Prime; size_phone=\u00a0\u00bb25&Prime; font_weight=\u00a0\u00bbbold\u00a0\u00bb margin_top=\u00a0\u00bb100&Prime; font_family=\u00a0\u00bbnone\u00a0\u00bb align=\u00a0\u00bbcenter\u00a0\u00bb]<span style=\"color: #ffffff;\">SP\u00c9CIALES du jour chez Delibee\u2019s<\/span>[\/mk_fancy_title][\/vc_column][vc_column width=\u00a0\u00bb1\/3&Prime;][vc_single_image image=\u00a0\u00bb1403&Prime; img_size=\u00a0\u00bb200&#215;200&Prime; css=\u00a0\u00bb.vc_custom_1707315802787{margin-top: 30px !important;}\u00a0\u00bb][\/vc_column][\/mk_page_section][vc_row][vc_column][mk_padding_divider size=\u00a0\u00bb20&Prime;][vc_column_text css=\u00a0\u00bb.vc_custom_1707835971780{margin-bottom: 0px !important;}\u00a0\u00bb]Nos populaires <em>sp\u00e9ciaux<\/em> hebdomadaires sont servis du mardi au samedi. Non seulement les repas sont d\u00e9licieux, mais ils repr\u00e9sentent \u00e9galement un excellent rapport qualit\u00e9-prix. Personne ne quitte le Delibee Deli le ventre vide ![\/vc_column_text][vc_row_inner css=\u00a0\u00bb.vc_custom_1707836609538{border-top-width: 1px !important;border-right-width: 1px !important;border-bottom-width: 1px !important;border-left-width: 1px !important;background-color: #ebebeb !important;border-left-color: #000000 !important;border-left-style: solid !important;border-right-color: #000000 !important;border-right-style: solid !important;border-top-color: #000000 !important;border-top-style: solid !important;border-bottom-color: #000000 !important;border-bottom-style: solid !important;border-radius: 3px !important;}\u00a0\u00bb][vc_column_inner width=\u00a0\u00bb1\/2&Prime;][vc_column_text css=\u00a0\u00bb.vc_custom_1707836554572{margin-bottom: 0px !important;}\u00a0\u00bb]<strong>NOTE<\/strong>: Prices may be subject to change without prior notice.[\/vc_column_text][\/vc_column_inner][vc_column_inner width=\u00a0\u00bb1\/2&Prime;][vc_column_text css=\u00a0\u00bb.vc_custom_1707836672996{margin-bottom: 0px !important;}\u00a0\u00bb]<strong>NOTE<\/strong> : Les prix peuvent \u00eatre modifi\u00e9s sans pr\u00e9avis.[\/vc_column_text][\/vc_column_inner][\/vc_row_inner][vc_row_inner][vc_column_inner][mk_padding_divider size=\u00a0\u00bb25&Prime;][\/vc_column_inner][\/vc_row_inner][\/vc_column][\/vc_row][vc_row][vc_column width=\u00a0\u00bb1\/5&Prime;][mk_fancy_title size=\u00a0\u00bb25&Prime; font_weight=\u00a0\u00bb600&Prime; margin_bottom=\u00a0\u00bb0&Prime; font_family=\u00a0\u00bbnone\u00a0\u00bb]Mardi[\/mk_fancy_title][vc_single_image image=\u00a0\u00bb1388&Prime; img_size=\u00a0\u00bb250&#215;250&Prime; css=\u00a0\u00bb.vc_custom_1707314083034{margin-top: -15px !important;margin-bottom: -1px !important;}\u00a0\u00bb][mk_fancy_title size=\u00a0\u00bb15&Prime; font_weight=\u00a0\u00bb600&Prime; margin_top=\u00a0\u00bb-50&Prime; margin_bottom=\u00a0\u00bb0&Prime; font_family=\u00a0\u00bbnone\u00a0\u00bb align=\u00a0\u00bbcenter\u00a0\u00bb]Hamburger Steak servi avec frites, salade de chou et cornichons<br \/>\n<strong>$19.95<\/strong>[\/mk_fancy_title][\/vc_column][vc_column width=\u00a0\u00bb1\/5&Prime;][mk_fancy_title size=\u00a0\u00bb25&Prime; font_weight=\u00a0\u00bb600&Prime; margin_bottom=\u00a0\u00bb0&Prime; font_family=\u00a0\u00bbnone\u00a0\u00bb]Mercredi[\/mk_fancy_title][vc_single_image image=\u00a0\u00bb1392&Prime; img_size=\u00a0\u00bb250&#215;250&Prime; css=\u00a0\u00bb.vc_custom_1707314450325{margin-top: -15px !important;margin-bottom: -1px !important;}\u00a0\u00bb][mk_fancy_title size=\u00a0\u00bb15&Prime; font_weight=\u00a0\u00bb600&Prime; margin_top=\u00a0\u00bb-50&Prime; margin_bottom=\u00a0\u00bb0&Prime; font_family=\u00a0\u00bbnone\u00a0\u00bb align=\u00a0\u00bbcenter\u00a0\u00bb]Spaghettis garnis de viande fum\u00e9e et de sauce sp\u00e9ciale.<br \/>\n<strong>$16.10<\/strong>[\/mk_fancy_title][\/vc_column][vc_column width=\u00a0\u00bb1\/5&Prime;][mk_fancy_title size=\u00a0\u00bb25&Prime; font_weight=\u00a0\u00bb600&Prime; margin_bottom=\u00a0\u00bb-20&Prime; font_family=\u00a0\u00bbnone\u00a0\u00bb]Jeudi[\/mk_fancy_title][vc_single_image image=\u00a0\u00bb1188&Prime; img_size=\u00a0\u00bb250&#215;250&Prime; css=\u00a0\u00bb.vc_custom_1707313332732{margin-top: -15px !important;margin-bottom: -1px !important;}\u00a0\u00bb][mk_fancy_title size=\u00a0\u00bb15&Prime; font_weight=\u00a0\u00bb600&Prime; margin_top=\u00a0\u00bb-50&Prime; margin_bottom=\u00a0\u00bb0&Prime; font_family=\u00a0\u00bbnone\u00a0\u00bb align=\u00a0\u00bbcenter\u00a0\u00bb]C\u00f4tes lev\u00e9es St-Louis servies avec frites, salade de chou et cornichons <strong>$21.85<\/strong>[\/mk_fancy_title][\/vc_column][vc_column width=\u00a0\u00bb1\/5&Prime;][mk_fancy_title size=\u00a0\u00bb25&Prime; font_weight=\u00a0\u00bb600&Prime; margin_bottom=\u00a0\u00bb0&Prime; font_family=\u00a0\u00bbnone\u00a0\u00bb]Vendredi[\/mk_fancy_title][vc_single_image image=\u00a0\u00bb1395&Prime; img_size=\u00a0\u00bb250&#215;250&Prime; css=\u00a0\u00bb.vc_custom_1707315008654{margin-top: -15px !important;margin-bottom: -1px !important;}\u00a0\u00bb][mk_fancy_title size=\u00a0\u00bb15&Prime; font_weight=\u00a0\u00bb600&Prime; margin_top=\u00a0\u00bb-50&Prime; margin_bottom=\u00a0\u00bb0&Prime; font_family=\u00a0\u00bbnone\u00a0\u00bb align=\u00a0\u00bbcenter\u00a0\u00bb]Poisson et frites servis avec salade de chou et cornichons<br \/>\n<strong>$18.35<\/strong>[\/mk_fancy_title][\/vc_column][vc_column width=\u00a0\u00bb1\/5&Prime;][mk_fancy_title size=\u00a0\u00bb25&Prime; font_weight=\u00a0\u00bb600&Prime; margin_bottom=\u00a0\u00bb0&Prime; font_family=\u00a0\u00bbnone\u00a0\u00bb]Samedi[\/mk_fancy_title][vc_single_image image=\u00a0\u00bb1395&Prime; img_size=\u00a0\u00bb250&#215;250&Prime; css=\u00a0\u00bb.vc_custom_1707315008654{margin-top: -15px !important;margin-bottom: -1px !important;}\u00a0\u00bb][mk_fancy_title size=\u00a0\u00bb15&Prime; font_weight=\u00a0\u00bb600&Prime; margin_top=\u00a0\u00bb-50&Prime; margin_bottom=\u00a0\u00bb0&Prime; font_family=\u00a0\u00bbnone\u00a0\u00bb align=\u00a0\u00bbcenter\u00a0\u00bb]Poisson et frites servis avec salade de chou et cornichons<br \/>\n<strong>$18.35<\/strong>[\/mk_fancy_title][\/vc_column][\/vc_row]\n<\/div>","protected":false},"excerpt":{"rendered":"<p>[vc_row fullwidth=\u00a0\u00bbtrue\u00a0\u00bb css=\u00a0\u00bb.vc_custom_1707313467618{margin-top: -15px !important;margin-bottom: -15px !important;background-color: #000000 !important;}\u00a0\u00bb][vc_column width=\u00a0\u00bb1\/4&Prime;][mk_button dimension=\u00a0\u00bbflat\u00a0\u00bb size=\u00a0\u00bblarge\u00a0\u00bb url=\u00a0\u00bbhttps:\/\/delibee.ca\/fr\/menu\/viande_fumee\/\u00a0\u00bb align=\u00a0\u00bbcenter\u00a0\u00bb button_custom_width=\u00a0\u00bb250&Prime; margin_top=\u00a0\u00bb15&Prime; bg_color=\u00a0\u00bb#000000&Prime; btn_hover_bg=\u00a0\u00bb#000000&Prime; btn_hover_txt_color=\u00a0\u00bb#eeee22&Prime;]VIANDE FUM\u00c9E[\/mk_button][\/vc_column][vc_column width=\u00a0\u00bb1\/4&Prime;][mk_button dimension=\u00a0\u00bbflat\u00a0\u00bb size=\u00a0\u00bblarge\u00a0\u00bb url=\u00a0\u00bbhttps:\/\/delibee.ca\/fr\/menu\/notre_grill\/\u00a0\u00bb align=\u00a0\u00bbcenter\u00a0\u00bb button_custom_width=\u00a0\u00bb250&Prime; margin_top=\u00a0\u00bb15&Prime; bg_color=\u00a0\u00bb#000000&Prime; btn_hover_bg=\u00a0\u00bb#000000&Prime; btn_hover_txt_color=\u00a0\u00bb#eeee22&Prime;]NOTRE GRILL[\/mk_button][\/vc_column][vc_column width=\u00a0\u00bb1\/4&Prime;][mk_button dimension=\u00a0\u00bbflat\u00a0\u00bb size=\u00a0\u00bblarge\u00a0\u00bb url=\u00a0\u00bbhttps:\/\/delibee.ca\/fr\/menu\/autres_plats\/\u00a0\u00bb align=\u00a0\u00bbcenter\u00a0\u00bb button_custom_width=\u00a0\u00bb250&Prime; margin_top=\u00a0\u00bb15&Prime; bg_color=\u00a0\u00bb#000000&Prime; btn_hover_bg=\u00a0\u00bb#000000&Prime; btn_hover_txt_color=\u00a0\u00bb#eeee22&Prime;]AUTRES PLATS[\/mk_button][\/vc_column][vc_column width=\u00a0\u00bb1\/4&Prime;][mk_button dimension=\u00a0\u00bbflat\u00a0\u00bb size=\u00a0\u00bblarge\u00a0\u00bb url=\u00a0\u00bbhttps:\/\/delibee.ca\/fr\/menu\/emporter\/\u00a0\u00bb align=\u00a0\u00bbcenter\u00a0\u00bb button_custom_width=\u00a0\u00bb250&Prime; margin_top=\u00a0\u00bb15&Prime; bg_color=\u00a0\u00bb#000000&Prime; btn_hover_bg=\u00a0\u00bb#000000&Prime; btn_hover_txt_color=\u00a0\u00bb#eeee22&Prime;]\u00e0 EMPORTER[\/mk_button][\/vc_column][\/vc_row][mk_page_section bg_image=\u00a0\u00bbhttps:\/\/delibee.ca\/wp-content\/uploads\/2024\/01\/delibee-smoked-meat-plate-1024&#215;576-1.jpg\u00a0\u00bb attachment=\u00a0\u00bbfixed\u00a0\u00bb [&hellip;]<\/p>\n","protected":false},"author":2,"featured_media":0,"parent":924,"menu_order":0,"comment_status":"closed","ping_status":"closed","template":"","meta":{"footnotes":""},"class_list":["post-1345","page","type-page","status-publish","hentry"],"yoast_head":"<!-- This site is optimized with the Yoast SEO plugin v22.8 - https:\/\/yoast.com\/wordpress\/plugins\/seo\/ -->\n<title>SP\u00c9CIALES - Delibee - La meilleure viande fum\u00e9e de West Inland<\/title>\n<meta name=\"robots\" content=\"index, follow, max-snippet:-1, max-image-preview:large, max-video-preview:-1\" \/>\n<link rel=\"canonical\" href=\"https:\/\/delibee.ca\/fr\/menu\/speciales\/\" \/>\n<meta property=\"og:locale\" content=\"fr_FR\" \/>\n<meta property=\"og:type\" content=\"article\" \/>\n<meta property=\"og:title\" content=\"SP\u00c9CIALES - Delibee - La meilleure viande fum\u00e9e de West Inland\" \/>\n<meta property=\"og:description\" content=\"[vc_row fullwidth=\u00a0\u00bbtrue\u00a0\u00bb css=\u00a0\u00bb.vc_custom_1707313467618{margin-top: -15px !important;margin-bottom: -15px !important;background-color: #000000 !important;}\u00a0\u00bb][vc_column width=\u00a0\u00bb1\/4&Prime;][mk_button dimension=\u00a0\u00bbflat\u00a0\u00bb size=\u00a0\u00bblarge\u00a0\u00bb url=\u00a0\u00bbhttps:\/\/delibee.ca\/fr\/menu\/viande_fumee\/\u00a0\u00bb align=\u00a0\u00bbcenter\u00a0\u00bb button_custom_width=\u00a0\u00bb250&Prime; margin_top=\u00a0\u00bb15&Prime; bg_color=\u00a0\u00bb#000000&Prime; btn_hover_bg=\u00a0\u00bb#000000&Prime; btn_hover_txt_color=\u00a0\u00bb#eeee22&Prime;]VIANDE FUM\u00c9E[\/mk_button][\/vc_column][vc_column width=\u00a0\u00bb1\/4&Prime;][mk_button dimension=\u00a0\u00bbflat\u00a0\u00bb size=\u00a0\u00bblarge\u00a0\u00bb url=\u00a0\u00bbhttps:\/\/delibee.ca\/fr\/menu\/notre_grill\/\u00a0\u00bb align=\u00a0\u00bbcenter\u00a0\u00bb button_custom_width=\u00a0\u00bb250&Prime; margin_top=\u00a0\u00bb15&Prime; bg_color=\u00a0\u00bb#000000&Prime; btn_hover_bg=\u00a0\u00bb#000000&Prime; btn_hover_txt_color=\u00a0\u00bb#eeee22&Prime;]NOTRE GRILL[\/mk_button][\/vc_column][vc_column width=\u00a0\u00bb1\/4&Prime;][mk_button dimension=\u00a0\u00bbflat\u00a0\u00bb size=\u00a0\u00bblarge\u00a0\u00bb url=\u00a0\u00bbhttps:\/\/delibee.ca\/fr\/menu\/autres_plats\/\u00a0\u00bb align=\u00a0\u00bbcenter\u00a0\u00bb button_custom_width=\u00a0\u00bb250&Prime; margin_top=\u00a0\u00bb15&Prime; bg_color=\u00a0\u00bb#000000&Prime; btn_hover_bg=\u00a0\u00bb#000000&Prime; btn_hover_txt_color=\u00a0\u00bb#eeee22&Prime;]AUTRES PLATS[\/mk_button][\/vc_column][vc_column width=\u00a0\u00bb1\/4&Prime;][mk_button dimension=\u00a0\u00bbflat\u00a0\u00bb size=\u00a0\u00bblarge\u00a0\u00bb url=\u00a0\u00bbhttps:\/\/delibee.ca\/fr\/menu\/emporter\/\u00a0\u00bb align=\u00a0\u00bbcenter\u00a0\u00bb button_custom_width=\u00a0\u00bb250&Prime; margin_top=\u00a0\u00bb15&Prime; bg_color=\u00a0\u00bb#000000&Prime; btn_hover_bg=\u00a0\u00bb#000000&Prime; btn_hover_txt_color=\u00a0\u00bb#eeee22&Prime;]\u00e0 EMPORTER[\/mk_button][\/vc_column][\/vc_row][mk_page_section bg_image=\u00a0\u00bbhttps:\/\/delibee.ca\/wp-content\/uploads\/2024\/01\/delibee-smoked-meat-plate-1024&#215;576-1.jpg\u00a0\u00bb attachment=\u00a0\u00bbfixed\u00a0\u00bb [&hellip;]\" \/>\n<meta property=\"og:url\" content=\"https:\/\/delibee.ca\/fr\/menu\/speciales\/\" \/>\n<meta property=\"og:site_name\" content=\"Delibee - La meilleure viande fum\u00e9e de West Inland\" \/>\n<meta property=\"article:modified_time\" content=\"2024-02-13T21:30:16+00:00\" \/>\n<meta name=\"twitter:card\" content=\"summary_large_image\" \/>\n<meta name=\"twitter:label1\" content=\"Dur\u00e9e de lecture estim\u00e9e\" \/>\n\t<meta name=\"twitter:data1\" content=\"4 minutes\" \/>\n<script type=\"application\/ld+json\" class=\"yoast-schema-graph\">{\"@context\":\"https:\/\/schema.org\",\"@graph\":[{\"@type\":\"WebPage\",\"@id\":\"https:\/\/delibee.ca\/fr\/menu\/speciales\/\",\"url\":\"https:\/\/delibee.ca\/fr\/menu\/speciales\/\",\"name\":\"SP\u00c9CIALES - Delibee - La meilleure viande fum\u00e9e de West Inland\",\"isPartOf\":{\"@id\":\"https:\/\/delibee.ca\/#website\"},\"datePublished\":\"2024-02-01T20:12:38+00:00\",\"dateModified\":\"2024-02-13T21:30:16+00:00\",\"breadcrumb\":{\"@id\":\"https:\/\/delibee.ca\/fr\/menu\/speciales\/#breadcrumb\"},\"inLanguage\":\"fr-FR\",\"potentialAction\":[{\"@type\":\"ReadAction\",\"target\":[\"https:\/\/delibee.ca\/fr\/menu\/speciales\/\"]}]},{\"@type\":\"BreadcrumbList\",\"@id\":\"https:\/\/delibee.ca\/fr\/menu\/speciales\/#breadcrumb\",\"itemListElement\":[{\"@type\":\"ListItem\",\"position\":1,\"name\":\"Home\",\"item\":\"https:\/\/delibee.ca\/fr\/\"},{\"@type\":\"ListItem\",\"position\":2,\"name\":\"Menu\",\"item\":\"https:\/\/delibee.ca\/fr\/menu\/\"},{\"@type\":\"ListItem\",\"position\":3,\"name\":\"SP\u00c9CIALES\"}]},{\"@type\":\"WebSite\",\"@id\":\"https:\/\/delibee.ca\/#website\",\"url\":\"https:\/\/delibee.ca\/\",\"name\":\"Delibee - La meilleure viande fum\u00e9e de West Inland\",\"description\":\"La meilleure charcuterie et le meilleur fumoir de Pointe-Claire\",\"potentialAction\":[{\"@type\":\"SearchAction\",\"target\":{\"@type\":\"EntryPoint\",\"urlTemplate\":\"https:\/\/delibee.ca\/?s={search_term_string}\"},\"query-input\":\"required name=search_term_string\"}],\"inLanguage\":\"fr-FR\"}]}<\/script>\n<!-- \/ Yoast SEO plugin. -->","yoast_head_json":{"title":"SP\u00c9CIALES - Delibee - La meilleure viande fum\u00e9e de West Inland","robots":{"index":"index","follow":"follow","max-snippet":"max-snippet:-1","max-image-preview":"max-image-preview:large","max-video-preview":"max-video-preview:-1"},"canonical":"https:\/\/delibee.ca\/fr\/menu\/speciales\/","og_locale":"fr_FR","og_type":"article","og_title":"SP\u00c9CIALES - Delibee - La meilleure viande fum\u00e9e de West Inland","og_description":"[vc_row fullwidth=\u00a0\u00bbtrue\u00a0\u00bb css=\u00a0\u00bb.vc_custom_1707313467618{margin-top: -15px !important;margin-bottom: -15px !important;background-color: #000000 !important;}\u00a0\u00bb][vc_column width=\u00a0\u00bb1\/4&Prime;][mk_button dimension=\u00a0\u00bbflat\u00a0\u00bb size=\u00a0\u00bblarge\u00a0\u00bb url=\u00a0\u00bbhttps:\/\/delibee.ca\/fr\/menu\/viande_fumee\/\u00a0\u00bb align=\u00a0\u00bbcenter\u00a0\u00bb button_custom_width=\u00a0\u00bb250&Prime; margin_top=\u00a0\u00bb15&Prime; bg_color=\u00a0\u00bb#000000&Prime; btn_hover_bg=\u00a0\u00bb#000000&Prime; btn_hover_txt_color=\u00a0\u00bb#eeee22&Prime;]VIANDE FUM\u00c9E[\/mk_button][\/vc_column][vc_column width=\u00a0\u00bb1\/4&Prime;][mk_button dimension=\u00a0\u00bbflat\u00a0\u00bb size=\u00a0\u00bblarge\u00a0\u00bb url=\u00a0\u00bbhttps:\/\/delibee.ca\/fr\/menu\/notre_grill\/\u00a0\u00bb align=\u00a0\u00bbcenter\u00a0\u00bb button_custom_width=\u00a0\u00bb250&Prime; margin_top=\u00a0\u00bb15&Prime; bg_color=\u00a0\u00bb#000000&Prime; btn_hover_bg=\u00a0\u00bb#000000&Prime; btn_hover_txt_color=\u00a0\u00bb#eeee22&Prime;]NOTRE GRILL[\/mk_button][\/vc_column][vc_column width=\u00a0\u00bb1\/4&Prime;][mk_button dimension=\u00a0\u00bbflat\u00a0\u00bb size=\u00a0\u00bblarge\u00a0\u00bb url=\u00a0\u00bbhttps:\/\/delibee.ca\/fr\/menu\/autres_plats\/\u00a0\u00bb align=\u00a0\u00bbcenter\u00a0\u00bb button_custom_width=\u00a0\u00bb250&Prime; margin_top=\u00a0\u00bb15&Prime; bg_color=\u00a0\u00bb#000000&Prime; btn_hover_bg=\u00a0\u00bb#000000&Prime; btn_hover_txt_color=\u00a0\u00bb#eeee22&Prime;]AUTRES PLATS[\/mk_button][\/vc_column][vc_column width=\u00a0\u00bb1\/4&Prime;][mk_button dimension=\u00a0\u00bbflat\u00a0\u00bb size=\u00a0\u00bblarge\u00a0\u00bb url=\u00a0\u00bbhttps:\/\/delibee.ca\/fr\/menu\/emporter\/\u00a0\u00bb align=\u00a0\u00bbcenter\u00a0\u00bb button_custom_width=\u00a0\u00bb250&Prime; margin_top=\u00a0\u00bb15&Prime; bg_color=\u00a0\u00bb#000000&Prime; btn_hover_bg=\u00a0\u00bb#000000&Prime; btn_hover_txt_color=\u00a0\u00bb#eeee22&Prime;]\u00e0 EMPORTER[\/mk_button][\/vc_column][\/vc_row][mk_page_section bg_image=\u00a0\u00bbhttps:\/\/delibee.ca\/wp-content\/uploads\/2024\/01\/delibee-smoked-meat-plate-1024&#215;576-1.jpg\u00a0\u00bb attachment=\u00a0\u00bbfixed\u00a0\u00bb [&hellip;]","og_url":"https:\/\/delibee.ca\/fr\/menu\/speciales\/","og_site_name":"Delibee - La meilleure viande fum\u00e9e de West Inland","article_modified_time":"2024-02-13T21:30:16+00:00","twitter_card":"summary_large_image","twitter_misc":{"Dur\u00e9e de lecture estim\u00e9e":"4 minutes"},"schema":{"@context":"https:\/\/schema.org","@graph":[{"@type":"WebPage","@id":"https:\/\/delibee.ca\/fr\/menu\/speciales\/","url":"https:\/\/delibee.ca\/fr\/menu\/speciales\/","name":"SP\u00c9CIALES - Delibee - La meilleure viande fum\u00e9e de West Inland","isPartOf":{"@id":"https:\/\/delibee.ca\/#website"},"datePublished":"2024-02-01T20:12:38+00:00","dateModified":"2024-02-13T21:30:16+00:00","breadcrumb":{"@id":"https:\/\/delibee.ca\/fr\/menu\/speciales\/#breadcrumb"},"inLanguage":"fr-FR","potentialAction":[{"@type":"ReadAction","target":["https:\/\/delibee.ca\/fr\/menu\/speciales\/"]}]},{"@type":"BreadcrumbList","@id":"https:\/\/delibee.ca\/fr\/menu\/speciales\/#breadcrumb","itemListElement":[{"@type":"ListItem","position":1,"name":"Home","item":"https:\/\/delibee.ca\/fr\/"},{"@type":"ListItem","position":2,"name":"Menu","item":"https:\/\/delibee.ca\/fr\/menu\/"},{"@type":"ListItem","position":3,"name":"SP\u00c9CIALES"}]},{"@type":"WebSite","@id":"https:\/\/delibee.ca\/#website","url":"https:\/\/delibee.ca\/","name":"Delibee - La meilleure viande fum\u00e9e de West Inland","description":"La meilleure charcuterie et le meilleur fumoir de Pointe-Claire","potentialAction":[{"@type":"SearchAction","target":{"@type":"EntryPoint","urlTemplate":"https:\/\/delibee.ca\/?s={search_term_string}"},"query-input":"required name=search_term_string"}],"inLanguage":"fr-FR"}]}},"_links":{"self":[{"href":"https:\/\/delibee.ca\/fr\/wp-json\/wp\/v2\/pages\/1345","targetHints":{"allow":["GET"]}}],"collection":[{"href":"https:\/\/delibee.ca\/fr\/wp-json\/wp\/v2\/pages"}],"about":[{"href":"https:\/\/delibee.ca\/fr\/wp-json\/wp\/v2\/types\/page"}],"author":[{"embeddable":true,"href":"https:\/\/delibee.ca\/fr\/wp-json\/wp\/v2\/users\/2"}],"replies":[{"embeddable":true,"href":"https:\/\/delibee.ca\/fr\/wp-json\/wp\/v2\/comments?post=1345"}],"version-history":[{"count":14,"href":"https:\/\/delibee.ca\/fr\/wp-json\/wp\/v2\/pages\/1345\/revisions"}],"predecessor-version":[{"id":1484,"href":"https:\/\/delibee.ca\/fr\/wp-json\/wp\/v2\/pages\/1345\/revisions\/1484"}],"up":[{"embeddable":true,"href":"https:\/\/delibee.ca\/fr\/wp-json\/wp\/v2\/pages\/924"}],"wp:attachment":[{"href":"https:\/\/delibee.ca\/fr\/wp-json\/wp\/v2\/media?parent=1345"}],"curies":[{"name":"wp","href":"https:\/\/api.w.org\/{rel}","templated":true}]}}