{"id":1338,"date":"2024-02-01T11:42:06","date_gmt":"2024-02-01T16:42:06","guid":{"rendered":"https:\/\/delibee.ca\/menu\/side-dishes\/"},"modified":"2024-08-05T14:25:20","modified_gmt":"2024-08-05T18:25:20","slug":"autres_plats","status":"publish","type":"page","link":"https:\/\/delibee.ca\/fr\/menu\/autres_plats\/","title":{"rendered":"AUTRES PLATS"},"content":{"rendered":"<div class=\"wpb-content-wrapper\">[vc_row fullwidth=\u00a0\u00bbtrue\u00a0\u00bb css=\u00a0\u00bb.vc_custom_1706901418586{background-color: #000000 !important;}\u00a0\u00bb][vc_column width=\u00a0\u00bb1\/4&Prime;][mk_button dimension=\u00a0\u00bbflat\u00a0\u00bb size=\u00a0\u00bblarge\u00a0\u00bb url=\u00a0\u00bbhttps:\/\/delibee.ca\/fr\/menu\/viande_fumee\/\u00a0\u00bb align=\u00a0\u00bbcenter\u00a0\u00bb button_custom_width=\u00a0\u00bb250&Prime; margin_top=\u00a0\u00bb15&Prime; bg_color=\u00a0\u00bb#000000&Prime; btn_hover_bg=\u00a0\u00bb#000000&Prime; btn_hover_txt_color=\u00a0\u00bb#eeee22&Prime;]VIANDE FUM\u00c9E[\/mk_button][\/vc_column][vc_column width=\u00a0\u00bb1\/4&Prime;][mk_button dimension=\u00a0\u00bbflat\u00a0\u00bb size=\u00a0\u00bblarge\u00a0\u00bb url=\u00a0\u00bbhttps:\/\/delibee.ca\/fr\/menu\/notre_grill\/\u00a0\u00bb align=\u00a0\u00bbcenter\u00a0\u00bb button_custom_width=\u00a0\u00bb250&Prime; margin_top=\u00a0\u00bb15&Prime; bg_color=\u00a0\u00bb#000000&Prime; btn_hover_bg=\u00a0\u00bb#000000&Prime; btn_hover_txt_color=\u00a0\u00bb#eeee22&Prime;]NOTRE GRILL[\/mk_button][\/vc_column][vc_column width=\u00a0\u00bb1\/4&Prime;][mk_button dimension=\u00a0\u00bbflat\u00a0\u00bb size=\u00a0\u00bblarge\u00a0\u00bb url=\u00a0\u00bbhttps:\/\/delibee.ca\/fr\/menu\/speciales\/\u00a0\u00bb align=\u00a0\u00bbcenter\u00a0\u00bb button_custom_width=\u00a0\u00bb250&Prime; margin_top=\u00a0\u00bb15&Prime; bg_color=\u00a0\u00bb#000000&Prime; btn_hover_bg=\u00a0\u00bb#000000&Prime; btn_hover_txt_color=\u00a0\u00bb#eeee22&Prime;]SP\u00c9CIALES[\/mk_button][\/vc_column][vc_column width=\u00a0\u00bb1\/4&Prime;][mk_button dimension=\u00a0\u00bbflat\u00a0\u00bb size=\u00a0\u00bblarge\u00a0\u00bb url=\u00a0\u00bbhttps:\/\/delibee.ca\/fr\/menu\/emporter\/\u00a0\u00bb align=\u00a0\u00bbcenter\u00a0\u00bb button_custom_width=\u00a0\u00bb250&Prime; margin_top=\u00a0\u00bb15&Prime; bg_color=\u00a0\u00bb#000000&Prime; btn_hover_bg=\u00a0\u00bb#000000&Prime; btn_hover_txt_color=\u00a0\u00bb#eeee22&Prime;]\u00e0 EMPORTER[\/mk_button][\/vc_column][\/vc_row][vc_row][vc_column][mk_padding_divider size=\u00a0\u00bb25&Prime;][mk_fancy_title size=\u00a0\u00bb25&Prime; font_weight=\u00a0\u00bb500&Prime; font_family=\u00a0\u00bbnone\u00a0\u00bb align=\u00a0\u00bbcenter\u00a0\u00bb][\/mk_fancy_title][\/vc_column][\/vc_row][vc_row css=\u00a0\u00bb.vc_custom_1707758969393{border-top-width: 1px !important;border-right-width: 1px !important;border-bottom-width: 1px !important;border-left-width: 1px !important;background-color: #ebebeb !important;border-left-color: #000000 !important;border-left-style: solid !important;border-right-color: #000000 !important;border-right-style: solid !important;border-top-color: #000000 !important;border-top-style: solid !important;border-bottom-color: #000000 !important;border-bottom-style: solid !important;border-radius: 3px !important;}\u00a0\u00bb][vc_column width=\u00a0\u00bb1\/2&Prime;][mk_padding_divider size=\u00a0\u00bb25&Prime;][vc_column_text css=\u00a0\u00bb.vc_custom_1707758891052{margin-bottom: 0px !important;}\u00a0\u00bb]<strong>NOTE : Les prix peuvent \u00eatre modifi\u00e9s sans pr\u00e9avis.<\/strong>[\/vc_column_text][\/vc_column][vc_column width=\u00a0\u00bb1\/2&Prime;][mk_padding_divider size=\u00a0\u00bb25&Prime;][vc_column_text css=\u00a0\u00bb.vc_custom_1707758901116{margin-bottom: 0px !important;}\u00a0\u00bb]<strong>NOTE<\/strong>: Prices may be subject to change without prior notice.[\/vc_column_text][\/vc_column][\/vc_row][mk_page_section][vc_column width=\u00a0\u00bb1\/2&Prime;][vc_single_image image=\u00a0\u00bb1597&Prime; img_size=\u00a0\u00bbFull\u00a0\u00bb alignment=\u00a0\u00bbcenter\u00a0\u00bb][\/vc_column][vc_column width=\u00a0\u00bb1\/2&Prime;][vc_single_image image=\u00a0\u00bb1595&Prime; img_size=\u00a0\u00bbFull\u00a0\u00bb alignment=\u00a0\u00bbcenter\u00a0\u00bb][\/vc_column][\/mk_page_section]\n<\/div>","protected":false},"excerpt":{"rendered":"<p>[vc_row fullwidth=\u00a0\u00bbtrue\u00a0\u00bb css=\u00a0\u00bb.vc_custom_1706901418586{background-color: #000000 !important;}\u00a0\u00bb][vc_column width=\u00a0\u00bb1\/4&Prime;][mk_button dimension=\u00a0\u00bbflat\u00a0\u00bb size=\u00a0\u00bblarge\u00a0\u00bb url=\u00a0\u00bbhttps:\/\/delibee.ca\/fr\/menu\/viande_fumee\/\u00a0\u00bb align=\u00a0\u00bbcenter\u00a0\u00bb button_custom_width=\u00a0\u00bb250&Prime; margin_top=\u00a0\u00bb15&Prime; bg_color=\u00a0\u00bb#000000&Prime; btn_hover_bg=\u00a0\u00bb#000000&Prime; btn_hover_txt_color=\u00a0\u00bb#eeee22&Prime;]VIANDE FUM\u00c9E[\/mk_button][\/vc_column][vc_column width=\u00a0\u00bb1\/4&Prime;][mk_button dimension=\u00a0\u00bbflat\u00a0\u00bb size=\u00a0\u00bblarge\u00a0\u00bb url=\u00a0\u00bbhttps:\/\/delibee.ca\/fr\/menu\/notre_grill\/\u00a0\u00bb align=\u00a0\u00bbcenter\u00a0\u00bb button_custom_width=\u00a0\u00bb250&Prime; margin_top=\u00a0\u00bb15&Prime; bg_color=\u00a0\u00bb#000000&Prime; btn_hover_bg=\u00a0\u00bb#000000&Prime; btn_hover_txt_color=\u00a0\u00bb#eeee22&Prime;]NOTRE GRILL[\/mk_button][\/vc_column][vc_column width=\u00a0\u00bb1\/4&Prime;][mk_button dimension=\u00a0\u00bbflat\u00a0\u00bb size=\u00a0\u00bblarge\u00a0\u00bb url=\u00a0\u00bbhttps:\/\/delibee.ca\/fr\/menu\/speciales\/\u00a0\u00bb align=\u00a0\u00bbcenter\u00a0\u00bb button_custom_width=\u00a0\u00bb250&Prime; margin_top=\u00a0\u00bb15&Prime; bg_color=\u00a0\u00bb#000000&Prime; btn_hover_bg=\u00a0\u00bb#000000&Prime; btn_hover_txt_color=\u00a0\u00bb#eeee22&Prime;]SP\u00c9CIALES[\/mk_button][\/vc_column][vc_column width=\u00a0\u00bb1\/4&Prime;][mk_button dimension=\u00a0\u00bbflat\u00a0\u00bb size=\u00a0\u00bblarge\u00a0\u00bb url=\u00a0\u00bbhttps:\/\/delibee.ca\/fr\/menu\/emporter\/\u00a0\u00bb align=\u00a0\u00bbcenter\u00a0\u00bb button_custom_width=\u00a0\u00bb250&Prime; margin_top=\u00a0\u00bb15&Prime; bg_color=\u00a0\u00bb#000000&Prime; btn_hover_bg=\u00a0\u00bb#000000&Prime; btn_hover_txt_color=\u00a0\u00bb#eeee22&Prime;]\u00e0 EMPORTER[\/mk_button][\/vc_column][\/vc_row][vc_row][vc_column][mk_padding_divider size=\u00a0\u00bb25&Prime;][mk_fancy_title size=\u00a0\u00bb25&Prime; font_weight=\u00a0\u00bb500&Prime; font_family=\u00a0\u00bbnone\u00a0\u00bb align=\u00a0\u00bbcenter\u00a0\u00bb][\/mk_fancy_title][\/vc_column][\/vc_row][vc_row css=\u00a0\u00bb.vc_custom_1707758969393{border-top-width: 1px [&hellip;]<\/p>\n","protected":false},"author":2,"featured_media":0,"parent":924,"menu_order":0,"comment_status":"closed","ping_status":"closed","template":"","meta":{"footnotes":""},"class_list":["post-1338","page","type-page","status-publish","hentry"],"yoast_head":"<!-- This site is optimized with the Yoast SEO plugin v22.8 - https:\/\/yoast.com\/wordpress\/plugins\/seo\/ -->\n<title>AUTRES PLATS - Delibee - La meilleure viande fum\u00e9e de West Inland<\/title>\n<meta name=\"robots\" content=\"index, follow, max-snippet:-1, max-image-preview:large, max-video-preview:-1\" \/>\n<link rel=\"canonical\" href=\"https:\/\/delibee.ca\/fr\/menu\/autres_plats\/\" \/>\n<meta property=\"og:locale\" content=\"fr_FR\" \/>\n<meta property=\"og:type\" content=\"article\" \/>\n<meta property=\"og:title\" content=\"AUTRES PLATS - Delibee - La meilleure viande fum\u00e9e de West Inland\" \/>\n<meta property=\"og:description\" content=\"[vc_row fullwidth=\u00a0\u00bbtrue\u00a0\u00bb css=\u00a0\u00bb.vc_custom_1706901418586{background-color: #000000 !important;}\u00a0\u00bb][vc_column width=\u00a0\u00bb1\/4&Prime;][mk_button dimension=\u00a0\u00bbflat\u00a0\u00bb size=\u00a0\u00bblarge\u00a0\u00bb url=\u00a0\u00bbhttps:\/\/delibee.ca\/fr\/menu\/viande_fumee\/\u00a0\u00bb align=\u00a0\u00bbcenter\u00a0\u00bb button_custom_width=\u00a0\u00bb250&Prime; margin_top=\u00a0\u00bb15&Prime; bg_color=\u00a0\u00bb#000000&Prime; btn_hover_bg=\u00a0\u00bb#000000&Prime; btn_hover_txt_color=\u00a0\u00bb#eeee22&Prime;]VIANDE FUM\u00c9E[\/mk_button][\/vc_column][vc_column width=\u00a0\u00bb1\/4&Prime;][mk_button dimension=\u00a0\u00bbflat\u00a0\u00bb size=\u00a0\u00bblarge\u00a0\u00bb url=\u00a0\u00bbhttps:\/\/delibee.ca\/fr\/menu\/notre_grill\/\u00a0\u00bb align=\u00a0\u00bbcenter\u00a0\u00bb button_custom_width=\u00a0\u00bb250&Prime; margin_top=\u00a0\u00bb15&Prime; bg_color=\u00a0\u00bb#000000&Prime; btn_hover_bg=\u00a0\u00bb#000000&Prime; btn_hover_txt_color=\u00a0\u00bb#eeee22&Prime;]NOTRE GRILL[\/mk_button][\/vc_column][vc_column width=\u00a0\u00bb1\/4&Prime;][mk_button dimension=\u00a0\u00bbflat\u00a0\u00bb size=\u00a0\u00bblarge\u00a0\u00bb url=\u00a0\u00bbhttps:\/\/delibee.ca\/fr\/menu\/speciales\/\u00a0\u00bb align=\u00a0\u00bbcenter\u00a0\u00bb button_custom_width=\u00a0\u00bb250&Prime; margin_top=\u00a0\u00bb15&Prime; bg_color=\u00a0\u00bb#000000&Prime; btn_hover_bg=\u00a0\u00bb#000000&Prime; btn_hover_txt_color=\u00a0\u00bb#eeee22&Prime;]SP\u00c9CIALES[\/mk_button][\/vc_column][vc_column width=\u00a0\u00bb1\/4&Prime;][mk_button dimension=\u00a0\u00bbflat\u00a0\u00bb size=\u00a0\u00bblarge\u00a0\u00bb url=\u00a0\u00bbhttps:\/\/delibee.ca\/fr\/menu\/emporter\/\u00a0\u00bb align=\u00a0\u00bbcenter\u00a0\u00bb button_custom_width=\u00a0\u00bb250&Prime; margin_top=\u00a0\u00bb15&Prime; bg_color=\u00a0\u00bb#000000&Prime; btn_hover_bg=\u00a0\u00bb#000000&Prime; btn_hover_txt_color=\u00a0\u00bb#eeee22&Prime;]\u00e0 EMPORTER[\/mk_button][\/vc_column][\/vc_row][vc_row][vc_column][mk_padding_divider size=\u00a0\u00bb25&Prime;][mk_fancy_title size=\u00a0\u00bb25&Prime; font_weight=\u00a0\u00bb500&Prime; font_family=\u00a0\u00bbnone\u00a0\u00bb align=\u00a0\u00bbcenter\u00a0\u00bb][\/mk_fancy_title][\/vc_column][\/vc_row][vc_row css=\u00a0\u00bb.vc_custom_1707758969393{border-top-width: 1px [&hellip;]\" \/>\n<meta property=\"og:url\" content=\"https:\/\/delibee.ca\/fr\/menu\/autres_plats\/\" \/>\n<meta property=\"og:site_name\" content=\"Delibee - La meilleure viande fum\u00e9e de West Inland\" \/>\n<meta property=\"article:modified_time\" content=\"2024-08-05T18:25:20+00:00\" \/>\n<meta name=\"twitter:card\" content=\"summary_large_image\" \/>\n<meta name=\"twitter:label1\" content=\"Dur\u00e9e de lecture estim\u00e9e\" \/>\n\t<meta name=\"twitter:data1\" content=\"2 minutes\" \/>\n<script type=\"application\/ld+json\" class=\"yoast-schema-graph\">{\"@context\":\"https:\/\/schema.org\",\"@graph\":[{\"@type\":\"WebPage\",\"@id\":\"https:\/\/delibee.ca\/fr\/menu\/autres_plats\/\",\"url\":\"https:\/\/delibee.ca\/fr\/menu\/autres_plats\/\",\"name\":\"AUTRES PLATS - Delibee - La meilleure viande fum\u00e9e de West Inland\",\"isPartOf\":{\"@id\":\"https:\/\/delibee.ca\/#website\"},\"datePublished\":\"2024-02-01T16:42:06+00:00\",\"dateModified\":\"2024-08-05T18:25:20+00:00\",\"breadcrumb\":{\"@id\":\"https:\/\/delibee.ca\/fr\/menu\/autres_plats\/#breadcrumb\"},\"inLanguage\":\"fr-FR\",\"potentialAction\":[{\"@type\":\"ReadAction\",\"target\":[\"https:\/\/delibee.ca\/fr\/menu\/autres_plats\/\"]}]},{\"@type\":\"BreadcrumbList\",\"@id\":\"https:\/\/delibee.ca\/fr\/menu\/autres_plats\/#breadcrumb\",\"itemListElement\":[{\"@type\":\"ListItem\",\"position\":1,\"name\":\"Home\",\"item\":\"https:\/\/delibee.ca\/fr\/\"},{\"@type\":\"ListItem\",\"position\":2,\"name\":\"Menu\",\"item\":\"https:\/\/delibee.ca\/fr\/menu\/\"},{\"@type\":\"ListItem\",\"position\":3,\"name\":\"AUTRES PLATS\"}]},{\"@type\":\"WebSite\",\"@id\":\"https:\/\/delibee.ca\/#website\",\"url\":\"https:\/\/delibee.ca\/\",\"name\":\"Delibee - La meilleure viande fum\u00e9e de West Inland\",\"description\":\"La meilleure charcuterie et le meilleur fumoir de Pointe-Claire\",\"potentialAction\":[{\"@type\":\"SearchAction\",\"target\":{\"@type\":\"EntryPoint\",\"urlTemplate\":\"https:\/\/delibee.ca\/?s={search_term_string}\"},\"query-input\":\"required name=search_term_string\"}],\"inLanguage\":\"fr-FR\"}]}<\/script>\n<!-- \/ Yoast SEO plugin. -->","yoast_head_json":{"title":"AUTRES PLATS - Delibee - La meilleure viande fum\u00e9e de West Inland","robots":{"index":"index","follow":"follow","max-snippet":"max-snippet:-1","max-image-preview":"max-image-preview:large","max-video-preview":"max-video-preview:-1"},"canonical":"https:\/\/delibee.ca\/fr\/menu\/autres_plats\/","og_locale":"fr_FR","og_type":"article","og_title":"AUTRES PLATS - Delibee - La meilleure viande fum\u00e9e de West Inland","og_description":"[vc_row fullwidth=\u00a0\u00bbtrue\u00a0\u00bb css=\u00a0\u00bb.vc_custom_1706901418586{background-color: #000000 !important;}\u00a0\u00bb][vc_column width=\u00a0\u00bb1\/4&Prime;][mk_button dimension=\u00a0\u00bbflat\u00a0\u00bb size=\u00a0\u00bblarge\u00a0\u00bb url=\u00a0\u00bbhttps:\/\/delibee.ca\/fr\/menu\/viande_fumee\/\u00a0\u00bb align=\u00a0\u00bbcenter\u00a0\u00bb button_custom_width=\u00a0\u00bb250&Prime; margin_top=\u00a0\u00bb15&Prime; bg_color=\u00a0\u00bb#000000&Prime; btn_hover_bg=\u00a0\u00bb#000000&Prime; btn_hover_txt_color=\u00a0\u00bb#eeee22&Prime;]VIANDE FUM\u00c9E[\/mk_button][\/vc_column][vc_column width=\u00a0\u00bb1\/4&Prime;][mk_button dimension=\u00a0\u00bbflat\u00a0\u00bb size=\u00a0\u00bblarge\u00a0\u00bb url=\u00a0\u00bbhttps:\/\/delibee.ca\/fr\/menu\/notre_grill\/\u00a0\u00bb align=\u00a0\u00bbcenter\u00a0\u00bb button_custom_width=\u00a0\u00bb250&Prime; margin_top=\u00a0\u00bb15&Prime; bg_color=\u00a0\u00bb#000000&Prime; btn_hover_bg=\u00a0\u00bb#000000&Prime; btn_hover_txt_color=\u00a0\u00bb#eeee22&Prime;]NOTRE GRILL[\/mk_button][\/vc_column][vc_column width=\u00a0\u00bb1\/4&Prime;][mk_button dimension=\u00a0\u00bbflat\u00a0\u00bb size=\u00a0\u00bblarge\u00a0\u00bb url=\u00a0\u00bbhttps:\/\/delibee.ca\/fr\/menu\/speciales\/\u00a0\u00bb align=\u00a0\u00bbcenter\u00a0\u00bb button_custom_width=\u00a0\u00bb250&Prime; margin_top=\u00a0\u00bb15&Prime; bg_color=\u00a0\u00bb#000000&Prime; btn_hover_bg=\u00a0\u00bb#000000&Prime; btn_hover_txt_color=\u00a0\u00bb#eeee22&Prime;]SP\u00c9CIALES[\/mk_button][\/vc_column][vc_column width=\u00a0\u00bb1\/4&Prime;][mk_button dimension=\u00a0\u00bbflat\u00a0\u00bb size=\u00a0\u00bblarge\u00a0\u00bb url=\u00a0\u00bbhttps:\/\/delibee.ca\/fr\/menu\/emporter\/\u00a0\u00bb align=\u00a0\u00bbcenter\u00a0\u00bb button_custom_width=\u00a0\u00bb250&Prime; margin_top=\u00a0\u00bb15&Prime; bg_color=\u00a0\u00bb#000000&Prime; btn_hover_bg=\u00a0\u00bb#000000&Prime; btn_hover_txt_color=\u00a0\u00bb#eeee22&Prime;]\u00e0 EMPORTER[\/mk_button][\/vc_column][\/vc_row][vc_row][vc_column][mk_padding_divider size=\u00a0\u00bb25&Prime;][mk_fancy_title size=\u00a0\u00bb25&Prime; font_weight=\u00a0\u00bb500&Prime; font_family=\u00a0\u00bbnone\u00a0\u00bb align=\u00a0\u00bbcenter\u00a0\u00bb][\/mk_fancy_title][\/vc_column][\/vc_row][vc_row css=\u00a0\u00bb.vc_custom_1707758969393{border-top-width: 1px [&hellip;]","og_url":"https:\/\/delibee.ca\/fr\/menu\/autres_plats\/","og_site_name":"Delibee - La meilleure viande fum\u00e9e de West Inland","article_modified_time":"2024-08-05T18:25:20+00:00","twitter_card":"summary_large_image","twitter_misc":{"Dur\u00e9e de lecture estim\u00e9e":"2 minutes"},"schema":{"@context":"https:\/\/schema.org","@graph":[{"@type":"WebPage","@id":"https:\/\/delibee.ca\/fr\/menu\/autres_plats\/","url":"https:\/\/delibee.ca\/fr\/menu\/autres_plats\/","name":"AUTRES PLATS - Delibee - La meilleure viande fum\u00e9e de West Inland","isPartOf":{"@id":"https:\/\/delibee.ca\/#website"},"datePublished":"2024-02-01T16:42:06+00:00","dateModified":"2024-08-05T18:25:20+00:00","breadcrumb":{"@id":"https:\/\/delibee.ca\/fr\/menu\/autres_plats\/#breadcrumb"},"inLanguage":"fr-FR","potentialAction":[{"@type":"ReadAction","target":["https:\/\/delibee.ca\/fr\/menu\/autres_plats\/"]}]},{"@type":"BreadcrumbList","@id":"https:\/\/delibee.ca\/fr\/menu\/autres_plats\/#breadcrumb","itemListElement":[{"@type":"ListItem","position":1,"name":"Home","item":"https:\/\/delibee.ca\/fr\/"},{"@type":"ListItem","position":2,"name":"Menu","item":"https:\/\/delibee.ca\/fr\/menu\/"},{"@type":"ListItem","position":3,"name":"AUTRES PLATS"}]},{"@type":"WebSite","@id":"https:\/\/delibee.ca\/#website","url":"https:\/\/delibee.ca\/","name":"Delibee - La meilleure viande fum\u00e9e de West Inland","description":"La meilleure charcuterie et le meilleur fumoir de Pointe-Claire","potentialAction":[{"@type":"SearchAction","target":{"@type":"EntryPoint","urlTemplate":"https:\/\/delibee.ca\/?s={search_term_string}"},"query-input":"required name=search_term_string"}],"inLanguage":"fr-FR"}]}},"_links":{"self":[{"href":"https:\/\/delibee.ca\/fr\/wp-json\/wp\/v2\/pages\/1338","targetHints":{"allow":["GET"]}}],"collection":[{"href":"https:\/\/delibee.ca\/fr\/wp-json\/wp\/v2\/pages"}],"about":[{"href":"https:\/\/delibee.ca\/fr\/wp-json\/wp\/v2\/types\/page"}],"author":[{"embeddable":true,"href":"https:\/\/delibee.ca\/fr\/wp-json\/wp\/v2\/users\/2"}],"replies":[{"embeddable":true,"href":"https:\/\/delibee.ca\/fr\/wp-json\/wp\/v2\/comments?post=1338"}],"version-history":[{"count":10,"href":"https:\/\/delibee.ca\/fr\/wp-json\/wp\/v2\/pages\/1338\/revisions"}],"predecessor-version":[{"id":1611,"href":"https:\/\/delibee.ca\/fr\/wp-json\/wp\/v2\/pages\/1338\/revisions\/1611"}],"up":[{"embeddable":true,"href":"https:\/\/delibee.ca\/fr\/wp-json\/wp\/v2\/pages\/924"}],"wp:attachment":[{"href":"https:\/\/delibee.ca\/fr\/wp-json\/wp\/v2\/media?parent=1338"}],"curies":[{"name":"wp","href":"https:\/\/api.w.org\/{rel}","templated":true}]}}