{"id":1299,"date":"2023-03-12T20:00:30","date_gmt":"2023-03-13T00:00:30","guid":{"rendered":"https:\/\/delibee.ca\/about-us\/"},"modified":"2024-08-26T11:05:40","modified_gmt":"2024-08-26T15:05:40","slug":"de-nous","status":"publish","type":"page","link":"https:\/\/delibee.ca\/fr\/de-nous\/","title":{"rendered":"DE NOUS"},"content":{"rendered":"<div class=\"wpb-content-wrapper\">[mk_page_section bg_image=\u00a0\u00bbhttps:\/\/delibee.ca\/wp-content\/uploads\/2024\/01\/delibee-slicing-meat-1000&#215;750-1.jpg\u00a0\u00bb bg_position=\u00a0\u00bbcenter center\u00a0\u00bb bg_repeat=\u00a0\u00bbno-repeat\u00a0\u00bb bg_stretch=\u00a0\u00bbtrue\u00a0\u00bb video_color_mask=\u00a0\u00bb#000000&Prime; video_opacity=\u00a0\u00bb0.5&Prime; min_height=\u00a0\u00bb300&Prime; full_width=\u00a0\u00bbtrue\u00a0\u00bb sidebar=\u00a0\u00bbsidebar-1&Prime;][vc_column][mk_fancy_title size=\u00a0\u00bb40&Prime; force_font_size=\u00a0\u00bbtrue\u00a0\u00bb size_smallscreen=\u00a0\u00bb25&Prime; size_tablet=\u00a0\u00bb25&Prime; size_phone=\u00a0\u00bb25&Prime; font_weight=\u00a0\u00bbbold\u00a0\u00bb margin_top=\u00a0\u00bb100&Prime; font_family=\u00a0\u00bbnone\u00a0\u00bb align=\u00a0\u00bbcenter\u00a0\u00bb]<span style=\"color: #ffffff;\">\u00c0 propos de nous &#8211; heures d&rsquo;ouverture et bref historique.<\/span>[\/mk_fancy_title][\/vc_column][\/mk_page_section][vc_row][vc_column width=\u00a0\u00bb1\/2&Prime;][mk_padding_divider size=\u00a0\u00bb25&Prime;][mk_fancy_title size=\u00a0\u00bb25&Prime; font_weight=\u00a0\u00bb600&Prime; margin_bottom=\u00a0\u00bb0&Prime; font_family=\u00a0\u00bbnone\u00a0\u00bb]Heures d&rsquo;op\u00e9ration[\/mk_fancy_title][vc_column_text css=\u00a0\u00bb.vc_custom_1724684731429{margin-bottom: 0px !important;}\u00a0\u00bb]\n<p>Lundi\u00a0 \u00a0 \u00a0 \u00a0 \u00a0 \u00a0 \u00a0\u00a0 De 11 heures \u00e0 21 heures<\/p>\n<p>Mardi\u00a0 \u00a0 \u00a0 \u00a0 \u00a0 \u00a0 \u00a0 \u00a0De 11 heures \u00e0 21 heures<\/p>\n<!-- \/wp:post-content -->\n<p><!-- wp:paragraph -->Mercredi\u00a0 \u00a0 \u00a0 \u00a0 \u00a0De 11 heures \u00e0 21 heures<\/p>\n<!-- \/wp:paragraph -->\n<p><!-- wp:paragraph -->Jeudi\u00a0 \u00a0 \u00a0 \u00a0 \u00a0 \u00a0 \u00a0 \u00a0 De 11 heures \u00e0 21 heures<\/p>\n<!-- \/wp:paragraph -->\n<p><!-- wp:paragraph -->Vendredi\u00a0 \u00a0 \u00a0 \u00a0 \u00a0De 11 heures \u00e0 21 heures<\/p>\n<!-- \/wp:paragraph -->\n<p><!-- wp:paragraph -->Samedi\u00a0 \u00a0 \u00a0 \u00a0 \u00a0\u00a0\u00a0 De 11 heures \u00e0 21 heures<\/p>\n<!-- \/wp:paragraph -->\n<p><!-- wp:paragraph -->Dimanche\u00a0 \u00a0 \u00a0\u00a0<strong> Ferm\u00e9<\/strong><\/p>\n[\/vc_column_text][vc_single_image image=\u00a0\u00bb1404&Prime; img_size=\u00a0\u00bbfull\u00a0\u00bb alignment=\u00a0\u00bbcenter\u00a0\u00bb][\/vc_column][vc_column width=\u00a0\u00bb1\/2&Prime;][mk_padding_divider size=\u00a0\u00bb25&Prime;][mk_fancy_title size=\u00a0\u00bb25&Prime; font_weight=\u00a0\u00bb600&Prime; txt_transform=\u00a0\u00bbnone\u00a0\u00bb margin_bottom=\u00a0\u00bb0&Prime; font_family=\u00a0\u00bbnone\u00a0\u00bb]Comment la Delibee a vu le jour?[\/mk_fancy_title][vc_column_text css=\u00a0\u00bb.vc_custom_1707920153231{margin-bottom: 0px !important;}\u00a0\u00bb]Le restaurant Delibee&rsquo;s a une riche histoire dans la tradition de servir la fameuse viande fum\u00e9e de Montr\u00e9al.<br \/>\nLe propri\u00e9taire, Philip Varvaro, a appris le m\u00e9tier dans la charcuterie de son p\u00e8re, The Main, sur le boulevard Saint-Laurent, au c\u0153ur de Montr\u00e9al.<\/p>\n<p><img loading=\"lazy\" decoding=\"async\" class=\"size-medium wp-image-1411 alignleft\" src=\"https:\/\/delibee.ca\/wp-content\/uploads\/2024\/02\/main-crop-500x500-1-300x300.jpg\" alt=\"main-crop-500x500\" width=\"300\" height=\"300\" srcset=\"https:\/\/delibee.ca\/wp-content\/uploads\/2024\/02\/main-crop-500x500-1-300x300.jpg 300w, https:\/\/delibee.ca\/wp-content\/uploads\/2024\/02\/main-crop-500x500-1-150x150.jpg 150w, https:\/\/delibee.ca\/wp-content\/uploads\/2024\/02\/main-crop-500x500-1.jpg 500w\" sizes=\"auto, (max-width: 300px) 100vw, 300px\" \/>D\u00e8s l&rsquo;\u00e2ge de 14 ans, Phil a gravi les \u00e9chelons de l&rsquo;entreprise en commen\u00e7ant comme plongeur.<br \/>\nLa charcuterie familiale a toujours mis l&rsquo;accent sur les plats faits maison tels que les latkeas, les pieirogies, les soupes et, bien s\u00fbr, la fameuse viande fum\u00e9e de Montr\u00e9al. Delibee&rsquo;s est situ\u00e9 sur l&rsquo;avenue Valois Bay \u00e0 Pointe Claire.<\/p>\n<p>Nous servons de tout, du d\u00e9jeuner au d\u00eener. Nous avons \u00e9galement un menu pour emporter. De nos frites \u00e0 nos d\u00e9jeuners en passant par notre viande fum\u00e9e et notre salade de pommes de terre, tous nos plats sont faits maison selon nos recettes familiales secr\u00e8tes. Notre menu satisfera les palais les plus exigeants. Des enfants aux adultes, il y a quelque chose que chaque membre de la famille appr\u00e9ciera. Qu&rsquo;il s&rsquo;agisse d&rsquo;un repas fait maison au restaurant, d&rsquo;un sandwich rapide \u00e0 la viande fum\u00e9e de style montr\u00e9alais \u00e0 emporter ou d&rsquo;un service de traiteur sur place lors de votre prochain \u00e9v\u00e9nement, l&rsquo;\u00e9quipe de Delibee&rsquo;s est impatiente de vous servir.[\/vc_column_text][\/vc_column][\/vc_row][mk_page_section bg_image=\u00a0\u00bbhttps:\/\/delibee.ca\/wp-content\/uploads\/2024\/01\/delibee-slicing-meat-1000&#215;750-1.jpg\u00a0\u00bb attachment=\u00a0\u00bbfixed\u00a0\u00bb bg_position=\u00a0\u00bbcenter center\u00a0\u00bb bg_stretch=\u00a0\u00bbtrue\u00a0\u00bb min_height=\u00a0\u00bb400&Prime; sidebar=\u00a0\u00bbsidebar-1&Prime;][vc_column][\/vc_column][\/mk_page_section]\n<\/div>","protected":false},"excerpt":{"rendered":"<p>[mk_page_section bg_image=\u00a0\u00bbhttps:\/\/delibee.ca\/wp-content\/uploads\/2024\/01\/delibee-slicing-meat-1000&#215;750-1.jpg\u00a0\u00bb bg_position=\u00a0\u00bbcenter center\u00a0\u00bb bg_repeat=\u00a0\u00bbno-repeat\u00a0\u00bb bg_stretch=\u00a0\u00bbtrue\u00a0\u00bb video_color_mask=\u00a0\u00bb#000000&Prime; video_opacity=\u00a0\u00bb0.5&Prime; min_height=\u00a0\u00bb300&Prime; full_width=\u00a0\u00bbtrue\u00a0\u00bb sidebar=\u00a0\u00bbsidebar-1&Prime;][vc_column][mk_fancy_title size=\u00a0\u00bb40&Prime; force_font_size=\u00a0\u00bbtrue\u00a0\u00bb size_smallscreen=\u00a0\u00bb25&Prime; size_tablet=\u00a0\u00bb25&Prime; size_phone=\u00a0\u00bb25&Prime; font_weight=\u00a0\u00bbbold\u00a0\u00bb margin_top=\u00a0\u00bb100&Prime; font_family=\u00a0\u00bbnone\u00a0\u00bb align=\u00a0\u00bbcenter\u00a0\u00bb]\u00c0 propos de nous &#8211; heures d&rsquo;ouverture et bref historique.[\/mk_fancy_title][\/vc_column][\/mk_page_section][vc_row][vc_column width=\u00a0\u00bb1\/2&Prime;][mk_padding_divider size=\u00a0\u00bb25&Prime;][mk_fancy_title size=\u00a0\u00bb25&Prime; font_weight=\u00a0\u00bb600&Prime; margin_bottom=\u00a0\u00bb0&Prime; font_family=\u00a0\u00bbnone\u00a0\u00bb]Heures d&rsquo;op\u00e9ration[\/mk_fancy_title][vc_column_text css=\u00a0\u00bb.vc_custom_1724684731429{margin-bottom: 0px !important;}\u00a0\u00bb] Lundi\u00a0 \u00a0 \u00a0 \u00a0 \u00a0 \u00a0 \u00a0\u00a0 De 11 heures \u00e0 21 heures Mardi\u00a0 \u00a0 \u00a0 [&hellip;]<\/p>\n","protected":false},"author":1,"featured_media":0,"parent":0,"menu_order":0,"comment_status":"closed","ping_status":"closed","template":"","meta":{"footnotes":""},"class_list":["post-1299","page","type-page","status-publish","hentry"],"yoast_head":"<!-- This site is optimized with the Yoast SEO plugin v22.8 - https:\/\/yoast.com\/wordpress\/plugins\/seo\/ -->\n<title>DE NOUS - Delibee - La meilleure viande fum\u00e9e de West Inland<\/title>\n<meta name=\"robots\" content=\"index, follow, max-snippet:-1, max-image-preview:large, max-video-preview:-1\" \/>\n<link rel=\"canonical\" href=\"https:\/\/delibee.ca\/fr\/de-nous\/\" \/>\n<meta property=\"og:locale\" content=\"fr_FR\" \/>\n<meta property=\"og:type\" content=\"article\" \/>\n<meta property=\"og:title\" content=\"DE NOUS - Delibee - La meilleure viande fum\u00e9e de West Inland\" \/>\n<meta property=\"og:description\" content=\"[mk_page_section bg_image=\u00a0\u00bbhttps:\/\/delibee.ca\/wp-content\/uploads\/2024\/01\/delibee-slicing-meat-1000&#215;750-1.jpg\u00a0\u00bb bg_position=\u00a0\u00bbcenter center\u00a0\u00bb bg_repeat=\u00a0\u00bbno-repeat\u00a0\u00bb bg_stretch=\u00a0\u00bbtrue\u00a0\u00bb video_color_mask=\u00a0\u00bb#000000&Prime; video_opacity=\u00a0\u00bb0.5&Prime; min_height=\u00a0\u00bb300&Prime; full_width=\u00a0\u00bbtrue\u00a0\u00bb sidebar=\u00a0\u00bbsidebar-1&Prime;][vc_column][mk_fancy_title size=\u00a0\u00bb40&Prime; force_font_size=\u00a0\u00bbtrue\u00a0\u00bb size_smallscreen=\u00a0\u00bb25&Prime; size_tablet=\u00a0\u00bb25&Prime; size_phone=\u00a0\u00bb25&Prime; font_weight=\u00a0\u00bbbold\u00a0\u00bb margin_top=\u00a0\u00bb100&Prime; font_family=\u00a0\u00bbnone\u00a0\u00bb align=\u00a0\u00bbcenter\u00a0\u00bb]\u00c0 propos de nous &#8211; heures d&rsquo;ouverture et bref historique.[\/mk_fancy_title][\/vc_column][\/mk_page_section][vc_row][vc_column width=\u00a0\u00bb1\/2&Prime;][mk_padding_divider size=\u00a0\u00bb25&Prime;][mk_fancy_title size=\u00a0\u00bb25&Prime; font_weight=\u00a0\u00bb600&Prime; margin_bottom=\u00a0\u00bb0&Prime; font_family=\u00a0\u00bbnone\u00a0\u00bb]Heures d&rsquo;op\u00e9ration[\/mk_fancy_title][vc_column_text css=\u00a0\u00bb.vc_custom_1724684731429{margin-bottom: 0px !important;}\u00a0\u00bb] Lundi\u00a0 \u00a0 \u00a0 \u00a0 \u00a0 \u00a0 \u00a0\u00a0 De 11 heures \u00e0 21 heures Mardi\u00a0 \u00a0 \u00a0 [&hellip;]\" \/>\n<meta property=\"og:url\" content=\"https:\/\/delibee.ca\/fr\/de-nous\/\" \/>\n<meta property=\"og:site_name\" content=\"Delibee - La meilleure viande fum\u00e9e de West Inland\" \/>\n<meta property=\"article:modified_time\" content=\"2024-08-26T15:05:40+00:00\" \/>\n<meta property=\"og:image\" content=\"https:\/\/delibee.ca\/wp-content\/uploads\/2024\/02\/main-crop-500x500-1-300x300.jpg\" \/>\n<meta name=\"twitter:card\" content=\"summary_large_image\" \/>\n<meta name=\"twitter:label1\" content=\"Dur\u00e9e de lecture estim\u00e9e\" \/>\n\t<meta name=\"twitter:data1\" content=\"2 minutes\" \/>\n<script type=\"application\/ld+json\" class=\"yoast-schema-graph\">{\"@context\":\"https:\/\/schema.org\",\"@graph\":[{\"@type\":\"WebPage\",\"@id\":\"https:\/\/delibee.ca\/fr\/de-nous\/\",\"url\":\"https:\/\/delibee.ca\/fr\/de-nous\/\",\"name\":\"DE NOUS - Delibee - La meilleure viande fum\u00e9e de West Inland\",\"isPartOf\":{\"@id\":\"https:\/\/delibee.ca\/#website\"},\"primaryImageOfPage\":{\"@id\":\"https:\/\/delibee.ca\/fr\/de-nous\/#primaryimage\"},\"image\":{\"@id\":\"https:\/\/delibee.ca\/fr\/de-nous\/#primaryimage\"},\"thumbnailUrl\":\"https:\/\/delibee.ca\/wp-content\/uploads\/2024\/02\/main-crop-500x500-1-300x300.jpg\",\"datePublished\":\"2023-03-13T00:00:30+00:00\",\"dateModified\":\"2024-08-26T15:05:40+00:00\",\"breadcrumb\":{\"@id\":\"https:\/\/delibee.ca\/fr\/de-nous\/#breadcrumb\"},\"inLanguage\":\"fr-FR\",\"potentialAction\":[{\"@type\":\"ReadAction\",\"target\":[\"https:\/\/delibee.ca\/fr\/de-nous\/\"]}]},{\"@type\":\"ImageObject\",\"inLanguage\":\"fr-FR\",\"@id\":\"https:\/\/delibee.ca\/fr\/de-nous\/#primaryimage\",\"url\":\"https:\/\/delibee.ca\/wp-content\/uploads\/2024\/02\/main-crop-500x500-1-300x300.jpg\",\"contentUrl\":\"https:\/\/delibee.ca\/wp-content\/uploads\/2024\/02\/main-crop-500x500-1-300x300.jpg\"},{\"@type\":\"BreadcrumbList\",\"@id\":\"https:\/\/delibee.ca\/fr\/de-nous\/#breadcrumb\",\"itemListElement\":[{\"@type\":\"ListItem\",\"position\":1,\"name\":\"Home\",\"item\":\"https:\/\/delibee.ca\/fr\/\"},{\"@type\":\"ListItem\",\"position\":2,\"name\":\"DE NOUS\"}]},{\"@type\":\"WebSite\",\"@id\":\"https:\/\/delibee.ca\/#website\",\"url\":\"https:\/\/delibee.ca\/\",\"name\":\"Delibee - La meilleure viande fum\u00e9e de West Inland\",\"description\":\"La meilleure charcuterie et le meilleur fumoir de Pointe-Claire\",\"potentialAction\":[{\"@type\":\"SearchAction\",\"target\":{\"@type\":\"EntryPoint\",\"urlTemplate\":\"https:\/\/delibee.ca\/?s={search_term_string}\"},\"query-input\":\"required name=search_term_string\"}],\"inLanguage\":\"fr-FR\"}]}<\/script>\n<!-- \/ Yoast SEO plugin. -->","yoast_head_json":{"title":"DE NOUS - Delibee - La meilleure viande fum\u00e9e de West Inland","robots":{"index":"index","follow":"follow","max-snippet":"max-snippet:-1","max-image-preview":"max-image-preview:large","max-video-preview":"max-video-preview:-1"},"canonical":"https:\/\/delibee.ca\/fr\/de-nous\/","og_locale":"fr_FR","og_type":"article","og_title":"DE NOUS - Delibee - La meilleure viande fum\u00e9e de West Inland","og_description":"[mk_page_section bg_image=\u00a0\u00bbhttps:\/\/delibee.ca\/wp-content\/uploads\/2024\/01\/delibee-slicing-meat-1000&#215;750-1.jpg\u00a0\u00bb bg_position=\u00a0\u00bbcenter center\u00a0\u00bb bg_repeat=\u00a0\u00bbno-repeat\u00a0\u00bb bg_stretch=\u00a0\u00bbtrue\u00a0\u00bb video_color_mask=\u00a0\u00bb#000000&Prime; video_opacity=\u00a0\u00bb0.5&Prime; min_height=\u00a0\u00bb300&Prime; full_width=\u00a0\u00bbtrue\u00a0\u00bb sidebar=\u00a0\u00bbsidebar-1&Prime;][vc_column][mk_fancy_title size=\u00a0\u00bb40&Prime; force_font_size=\u00a0\u00bbtrue\u00a0\u00bb size_smallscreen=\u00a0\u00bb25&Prime; size_tablet=\u00a0\u00bb25&Prime; size_phone=\u00a0\u00bb25&Prime; font_weight=\u00a0\u00bbbold\u00a0\u00bb margin_top=\u00a0\u00bb100&Prime; font_family=\u00a0\u00bbnone\u00a0\u00bb align=\u00a0\u00bbcenter\u00a0\u00bb]\u00c0 propos de nous &#8211; heures d&rsquo;ouverture et bref historique.[\/mk_fancy_title][\/vc_column][\/mk_page_section][vc_row][vc_column width=\u00a0\u00bb1\/2&Prime;][mk_padding_divider size=\u00a0\u00bb25&Prime;][mk_fancy_title size=\u00a0\u00bb25&Prime; font_weight=\u00a0\u00bb600&Prime; margin_bottom=\u00a0\u00bb0&Prime; font_family=\u00a0\u00bbnone\u00a0\u00bb]Heures d&rsquo;op\u00e9ration[\/mk_fancy_title][vc_column_text css=\u00a0\u00bb.vc_custom_1724684731429{margin-bottom: 0px !important;}\u00a0\u00bb] Lundi\u00a0 \u00a0 \u00a0 \u00a0 \u00a0 \u00a0 \u00a0\u00a0 De 11 heures \u00e0 21 heures Mardi\u00a0 \u00a0 \u00a0 [&hellip;]","og_url":"https:\/\/delibee.ca\/fr\/de-nous\/","og_site_name":"Delibee - La meilleure viande fum\u00e9e de West Inland","article_modified_time":"2024-08-26T15:05:40+00:00","og_image":[{"url":"https:\/\/delibee.ca\/wp-content\/uploads\/2024\/02\/main-crop-500x500-1-300x300.jpg"}],"twitter_card":"summary_large_image","twitter_misc":{"Dur\u00e9e de lecture estim\u00e9e":"2 minutes"},"schema":{"@context":"https:\/\/schema.org","@graph":[{"@type":"WebPage","@id":"https:\/\/delibee.ca\/fr\/de-nous\/","url":"https:\/\/delibee.ca\/fr\/de-nous\/","name":"DE NOUS - Delibee - La meilleure viande fum\u00e9e de West Inland","isPartOf":{"@id":"https:\/\/delibee.ca\/#website"},"primaryImageOfPage":{"@id":"https:\/\/delibee.ca\/fr\/de-nous\/#primaryimage"},"image":{"@id":"https:\/\/delibee.ca\/fr\/de-nous\/#primaryimage"},"thumbnailUrl":"https:\/\/delibee.ca\/wp-content\/uploads\/2024\/02\/main-crop-500x500-1-300x300.jpg","datePublished":"2023-03-13T00:00:30+00:00","dateModified":"2024-08-26T15:05:40+00:00","breadcrumb":{"@id":"https:\/\/delibee.ca\/fr\/de-nous\/#breadcrumb"},"inLanguage":"fr-FR","potentialAction":[{"@type":"ReadAction","target":["https:\/\/delibee.ca\/fr\/de-nous\/"]}]},{"@type":"ImageObject","inLanguage":"fr-FR","@id":"https:\/\/delibee.ca\/fr\/de-nous\/#primaryimage","url":"https:\/\/delibee.ca\/wp-content\/uploads\/2024\/02\/main-crop-500x500-1-300x300.jpg","contentUrl":"https:\/\/delibee.ca\/wp-content\/uploads\/2024\/02\/main-crop-500x500-1-300x300.jpg"},{"@type":"BreadcrumbList","@id":"https:\/\/delibee.ca\/fr\/de-nous\/#breadcrumb","itemListElement":[{"@type":"ListItem","position":1,"name":"Home","item":"https:\/\/delibee.ca\/fr\/"},{"@type":"ListItem","position":2,"name":"DE NOUS"}]},{"@type":"WebSite","@id":"https:\/\/delibee.ca\/#website","url":"https:\/\/delibee.ca\/","name":"Delibee - La meilleure viande fum\u00e9e de West Inland","description":"La meilleure charcuterie et le meilleur fumoir de Pointe-Claire","potentialAction":[{"@type":"SearchAction","target":{"@type":"EntryPoint","urlTemplate":"https:\/\/delibee.ca\/?s={search_term_string}"},"query-input":"required name=search_term_string"}],"inLanguage":"fr-FR"}]}},"_links":{"self":[{"href":"https:\/\/delibee.ca\/fr\/wp-json\/wp\/v2\/pages\/1299","targetHints":{"allow":["GET"]}}],"collection":[{"href":"https:\/\/delibee.ca\/fr\/wp-json\/wp\/v2\/pages"}],"about":[{"href":"https:\/\/delibee.ca\/fr\/wp-json\/wp\/v2\/types\/page"}],"author":[{"embeddable":true,"href":"https:\/\/delibee.ca\/fr\/wp-json\/wp\/v2\/users\/1"}],"replies":[{"embeddable":true,"href":"https:\/\/delibee.ca\/fr\/wp-json\/wp\/v2\/comments?post=1299"}],"version-history":[{"count":12,"href":"https:\/\/delibee.ca\/fr\/wp-json\/wp\/v2\/pages\/1299\/revisions"}],"predecessor-version":[{"id":1628,"href":"https:\/\/delibee.ca\/fr\/wp-json\/wp\/v2\/pages\/1299\/revisions\/1628"}],"wp:attachment":[{"href":"https:\/\/delibee.ca\/fr\/wp-json\/wp\/v2\/media?parent=1299"}],"curies":[{"name":"wp","href":"https:\/\/api.w.org\/{rel}","templated":true}]}}